{"id":126,"date":"2021-01-26T11:15:41","date_gmt":"2021-01-26T14:15:41","guid":{"rendered":"https:\/\/codimat.com.ar\/destacados2020\/?page_id=126"},"modified":"2021-03-04T11:49:59","modified_gmt":"2021-03-04T14:49:59","slug":"editorial","status":"publish","type":"page","link":"https:\/\/codimat.com.ar\/destacados2020\/editorial\/","title":{"rendered":"Editorial"},"content":{"rendered":"<p>[et_pb_section fb_built=\u00bb1&#8243; custom_padding_last_edited=\u00bbon|desktop\u00bb admin_label=\u00bbRelated Articles\u00bb _builder_version=\u00bb3.26.7&#8243; background_color=\u00bb#2d2d2d\u00bb custom_padding=\u00bb||||false|false\u00bb custom_padding_tablet=\u00bb||2%||false|false\u00bb locked=\u00bboff\u00bb][et_pb_row _builder_version=\u00bb3.27.3&#8243;][et_pb_column type=\u00bb4_4&#8243; _builder_version=\u00bb3.27.3&#8243;][et_pb_text _builder_version=\u00bb3.26.7&#8243; header_2_font=\u00bbMontserrat|700||on|||||\u00bb header_2_font_size=\u00bb60px\u00bb header_2_line_height=\u00bb1.2em\u00bb background_layout=\u00bbdark\u00bb max_width=\u00bb80%\u00bb max_width_tablet=\u00bb90%\u00bb max_width_phone=\u00bb90%\u00bb max_width_last_edited=\u00bbon|phone\u00bb animation_style=\u00bbflip\u00bb header_2_font_size_tablet=\u00bb40px\u00bb header_2_font_size_phone=\u00bb30px\u00bb header_2_font_size_last_edited=\u00bbon|phone\u00bb locked=\u00bboff\u00bb]<\/p>\n<h2>Editorial<\/h2>\n<p>[\/et_pb_text][et_pb_divider color=\u00bb#e02b20&#8243; divider_weight=\u00bb3px\u00bb _builder_version=\u00bb3.26.7&#8243; width=\u00bb30%\u00bb animation_style=\u00bbslide\u00bb animation_direction=\u00bbright\u00bb][\/et_pb_divider][\/et_pb_column][\/et_pb_row][\/et_pb_section][et_pb_section fb_built=\u00bb1&#8243; custom_padding_last_edited=\u00bbon|tablet\u00bb _builder_version=\u00bb3.26.7&#8243; background_color=\u00bb#f4f4f4&#8243; custom_padding=\u00bb||5%||false|false\u00bb custom_padding_tablet=\u00bb3%||8%||false|false\u00bb custom_padding_phone=\u00bb3%||10%||false|false\u00bb][et_pb_row _builder_version=\u00bb3.26.7&#8243; custom_padding=\u00bb||0px||false|false\u00bb][et_pb_column type=\u00bb4_4&#8243; _builder_version=\u00bb3.26.7&#8243;][et_pb_text _builder_version=\u00bb3.26.7&#8243; text_text_align=\u00bbjustify\u00bb text_line_height=\u00bb1.8em\u00bb text_orientation=\u00bbjustify\u00bb module_alignment=\u00bbcenter\u00bb animation_style=\u00bbfade\u00bb text_font_size_tablet=\u00bb16px\u00bb text_font_size_last_edited=\u00bbon|desktop\u00bb locked=\u00bboff\u00bb]<\/p>\n<p>Aunque parezca poco cre\u00edble, hubo un par de meses del 2020 que no estuvieron signados por el virus. Sorprende esta apreciaci\u00f3n, porque a esta altura parece que el Covid convivi\u00f3 desde siempre con nosotros. Muy duro para las instituciones, las empresas, los gobiernos, los cuentapropistas, duro para todas las personas, pero sobre todo para los adultos mayores, los de riesgo y tambi\u00e9n para los chicos.<\/p>\n<p>Los estragos que gener\u00f3 esta situaci\u00f3n en su educaci\u00f3n los lamentaremos durante mucho tiempo. Y no hablo solo de lo pedag\u00f3gico sino y por sobre todas las cosas en su sociabilizaci\u00f3n. Ojal\u00e1 lo perdido en este aspecto pueda ser recuperado alg\u00fan d\u00eda porque nuestro pa\u00eds muy mucho lo necesita.<\/p>\n<p>[\/et_pb_text][\/et_pb_column][\/et_pb_row][\/et_pb_section][et_pb_section fb_built=\u00bb1&#8243; _builder_version=\u00bb3.27.3&#8243;][et_pb_row _builder_version=\u00bb3.26.7&#8243; custom_padding=\u00bb||0px||false|false\u00bb animation_style=\u00bbfade\u00bb][et_pb_column type=\u00bb4_4&#8243; _builder_version=\u00bb3.27.3&#8243;][et_pb_text _builder_version=\u00bb3.26.7&#8243; text_text_align=\u00bbjustify\u00bb text_line_height=\u00bb1.8em\u00bb text_orientation=\u00bbjustify\u00bb module_alignment=\u00bbcenter\u00bb text_font_size_tablet=\u00bb16px\u00bb text_font_size_last_edited=\u00bbon|phone\u00bb locked=\u00bboff\u00bb]<\/p>\n<p>Desde aquel 19 de Marzo cuando el Presidente de la Naci\u00f3n Argentina en Acuerdo General de Ministros decret\u00f3 el Aislamientos Social Preventivo y Obligatorio para todo el pa\u00eds, la direcci\u00f3n de Codimat tuvo en claro que lo m\u00e1s importante era llevar tranquilidad a nuestros colaboradores.<\/p>\n<p>Consideramos que hubo una muy buena comunicaci\u00f3n interna, y gracias a Dios, la solidez econ\u00f3mica de la empresa permiti\u00f3 pagar el total de sus obligaciones siempre en tiempo y forma.<\/p>\n<p>[\/et_pb_text][et_pb_text quote_border_color=\u00bb#000000&#8243; _builder_version=\u00bb3.26.7&#8243; text_text_align=\u00bbjustify\u00bb text_line_height=\u00bb1.8em\u00bb quote_font=\u00bb|600|||||||\u00bb quote_text_color=\u00bb#000000&#8243; text_orientation=\u00bbjustify\u00bb module_alignment=\u00bbcenter\u00bb custom_padding=\u00bb2%||2%||false|false\u00bb animation_style=\u00bbfade\u00bb text_font_size_tablet=\u00bb16px\u00bb text_font_size_last_edited=\u00bbon|phone\u00bb locked=\u00bboff\u00bb]<\/p>\n<blockquote>\n<p>Cuando en uno de nuestros dep\u00f3sitos se confirmaron 5 casos positivos, adem\u00e1s de cumplir con el cierre total durante 48 hs., desinfectar y sanitizar, tal como contemplaba el protocolo del momento, elegimos durante toda la semana siguiente, atender a distancia, sin ingreso de p\u00fablico para volver a rearmar y mejorar procedimientos, recuperar h\u00e1bitos dejados de lado y amigarnos con nuestro entorno.<\/p>\n<\/blockquote>\n<p>[\/et_pb_text][et_pb_image src=\u00bbhttps:\/\/codimat.com.ar\/destacados2020\/wp-content\/uploads\/2021\/02\/Flechas.png\u00bb _builder_version=\u00bb3.26.7&#8243; width=\u00bb100px\u00bb width_tablet=\u00bb50px\u00bb width_last_edited=\u00bbon|tablet\u00bb animation_style=\u00bbfold\u00bb][\/et_pb_image][\/et_pb_column][\/et_pb_row][et_pb_row custom_padding_last_edited=\u00bbon|phone\u00bb _builder_version=\u00bb3.26.7&#8243; custom_padding=\u00bb||5%||false|false\u00bb custom_padding_tablet=\u00bb||10%||false|false\u00bb custom_padding_phone=\u00bb||15%||false|false\u00bb][et_pb_column type=\u00bb4_4&#8243; _builder_version=\u00bb3.26.7&#8243;][et_pb_text _builder_version=\u00bb3.26.7&#8243; text_font=\u00bbCardo||||||||\u00bb text_text_color=\u00bb#e02b20&#8243; text_font_size=\u00bb42px\u00bb text_line_height=\u00bb1.4em\u00bb animation_style=\u00bbfade\u00bb text_font_size_tablet=\u00bb36px\u00bb text_font_size_phone=\u00bb24px\u00bb text_font_size_last_edited=\u00bbon|desktop\u00bb]<\/p>\n<p>Estoy seguro que el conjunto de esas decisiones, gener\u00f3 un \u00e1mbito de trabajo m\u00e1s relajado, aprendiendo que cuid\u00e1ndonos nosotros, cuid\u00e1bamos a nuestros compa\u00f1eros, a nuestras familias y a nuestros clientes.<\/p>\n<p>[\/et_pb_text][\/et_pb_column][\/et_pb_row][et_pb_row column_structure=\u00bb3_5,2_5&#8243; custom_padding_last_edited=\u00bbon|phone\u00bb _builder_version=\u00bb3.26.7&#8243; background_color=\u00bb#f4f4f4&#8243; custom_margin=\u00bb||3%||false|false\u00bb custom_padding=\u00bb5%|5%|3%|5%|false|true\u00bb custom_padding_phone=\u00bb10%|10%|5%|10%|false|true\u00bb animation_style=\u00bbfade\u00bb][et_pb_column type=\u00bb3_5&#8243; _builder_version=\u00bb3.27.3&#8243;][et_pb_text _builder_version=\u00bb3.26.7&#8243; text_text_align=\u00bbjustify\u00bb text_line_height=\u00bb1.8em\u00bb text_orientation=\u00bbjustify\u00bb max_width=\u00bb600px\u00bb module_alignment=\u00bbcenter\u00bb text_font_size_tablet=\u00bb16px\u00bb text_font_size_last_edited=\u00bbon|desktop\u00bb locked=\u00bboff\u00bb]<\/p>\n<p>Y los frutos, como en un c\u00edrculo virtuoso, se vieron r\u00e1pidamente. Con personal y horario restringido y limitaciones en la log\u00edstica y en la comercializaci\u00f3n, buscando materiales de lugares lejanos, y de proveedores eventuales, cumplimos con nuestra premisa de r\u00e1pida entrega.<\/p>\n<p>Todos pusieron el hombro como nunca, y el engranaje funcion\u00f3 y de la mejor manera.<\/p>\n<p>[\/et_pb_text][\/et_pb_column][et_pb_column type=\u00bb2_5&#8243; _builder_version=\u00bb3.26.7&#8243;][et_pb_text quote_border_color=\u00bb#000000&#8243; _builder_version=\u00bb3.26.7&#8243; text_text_align=\u00bbjustify\u00bb text_line_height=\u00bb1.8em\u00bb quote_font=\u00bb|600|||||||\u00bb quote_text_color=\u00bb#000000&#8243; text_orientation=\u00bbjustify\u00bb module_alignment=\u00bbcenter\u00bb custom_padding=\u00bb||||false|false\u00bb animation_style=\u00bbslide\u00bb text_font_size_tablet=\u00bb18px\u00bb text_font_size_phone=\u00bb16px\u00bb text_font_size_last_edited=\u00bbon|desktop\u00bb locked=\u00bboff\u00bb]<\/p>\n<blockquote>\n<p>Gracias&#8230; infinitas gracias a todos nuestros colaboradores que hicieron posible un gran a\u00f1o para Codimat durante el 2020.<\/p>\n<\/blockquote>\n<p>[\/et_pb_text][et_pb_text _builder_version=\u00bb3.26.7&#8243; text_text_align=\u00bbjustify\u00bb text_line_height=\u00bb1.8em\u00bb text_orientation=\u00bbjustify\u00bb max_width=\u00bb600px\u00bb module_alignment=\u00bbcenter\u00bb locked=\u00bboff\u00bb][\/et_pb_text][\/et_pb_column][\/et_pb_row][et_pb_row _builder_version=\u00bb3.26.7&#8243; custom_padding=\u00bb||5%||false|false\u00bb animation_style=\u00bbfade\u00bb][et_pb_column type=\u00bb4_4&#8243; _builder_version=\u00bb3.27.3&#8243;][et_pb_text _builder_version=\u00bb3.26.7&#8243; text_text_align=\u00bbjustify\u00bb text_line_height=\u00bb1.8em\u00bb text_orientation=\u00bbjustify\u00bb module_alignment=\u00bbcenter\u00bb text_font_size_tablet=\u00bb16px\u00bb text_font_size_last_edited=\u00bbon|desktop\u00bb locked=\u00bboff\u00bb]<\/p>\n<p>Y como me gusta mirar el vaso medio lleno, creo que este fue un a\u00f1o donde empezamos a valorar cosas simples que, como siempre las tuvimos, hab\u00edan dejado de parecernos importantes. Estar con nuestros viejos, abrazarnos, tocarnos, reunirnos con amigos, vernos a cara limpia, sin barbijos ni protecciones, viajar a donde nos pintara, salir y volver a la hora que tuvi\u00e9ramos ganas, las rondas de mate o hasta un simple apret\u00f3n de manos. Cosas tan sencillas que hoy parecen tan lejanas.<\/p>\n<p>Ojal\u00e1 este cambio nos dure, y volvamos a encontrar placer en cada una de estas peque\u00f1as cosas.<\/p>\n<p>[\/et_pb_text][et_pb_text _builder_version=\u00bb3.26.7&#8243; text_text_align=\u00bbjustify\u00bb text_line_height=\u00bb1.8em\u00bb text_orientation=\u00bbjustify\u00bb width_last_edited=\u00bbon|desktop\u00bb module_alignment=\u00bbcenter\u00bb text_font_size_tablet=\u00bb16px\u00bb text_font_size_last_edited=\u00bbon|desktop\u00bb locked=\u00bboff\u00bb]<\/p>\n<p>Un p\u00e1rrafo aparte merece haber logrado darle continuidad a nuestro programa insignia de RSE, Bibliotecas Populares. Si bien debimos adecuarnos a la nueva modalidad, tambi\u00e9n fue una oportunidad para llegar a localidades que, sin el advenimiento de la virtualidad como herramienta de encuentro supletorio, no hubi\u00e9ramos podido alcanzar.<\/p>\n<p>Y como cierre esperanzador, la confirmaci\u00f3n por parte de la Fundaci\u00f3n Acindar del apoyo a dos iniciativas presentadas a la convocatoria \u201cRed Proyectos\u201d para realizar en el 2021.<\/p>\n<p>[\/et_pb_text][\/et_pb_column][\/et_pb_row][et_pb_row custom_padding_last_edited=\u00bbon|desktop\u00bb _builder_version=\u00bb3.26.7&#8243; background_color=\u00bb#f4f4f4&#8243; custom_margin=\u00bb||3%||false|false\u00bb custom_padding=\u00bb5%|5%|5%|5%|true|true\u00bb custom_padding_phone=\u00bb10%|10%|10%|10%|true|true\u00bb animation_style=\u00bbfade\u00bb][et_pb_column type=\u00bb4_4&#8243; _builder_version=\u00bb3.27.3&#8243;][et_pb_text _builder_version=\u00bb3.26.7&#8243; text_text_align=\u00bbjustify\u00bb text_font_size=\u00bb20px\u00bb text_line_height=\u00bb1.8em\u00bb text_orientation=\u00bbjustify\u00bb module_alignment=\u00bbcenter\u00bb text_font_size_tablet=\u00bb18px\u00bb text_font_size_phone=\u00bb16px\u00bb text_font_size_last_edited=\u00bbon|tablet\u00bb locked=\u00bboff\u00bb]<\/p>\n<p>Por todo lo escrito es que brindo porque sigamos as\u00ed, fuertes y unidos transitando una linda vida laboral\u2026 Brindo por nuestras familias, por nuestros hijos y nuestros nietos, \u00a0y por todas aquellas cosas que, gracias al 2020, nos dimos cuenta, son las realmente importantes.<\/p>\n<p>[\/et_pb_text][\/et_pb_column][\/et_pb_row][et_pb_row _builder_version=\u00bb3.26.7&#8243; custom_padding=\u00bb||||false|false\u00bb animation_style=\u00bbfold\u00bb][et_pb_column type=\u00bb4_4&#8243; _builder_version=\u00bb3.26.7&#8243;][et_pb_text _builder_version=\u00bb3.26.7&#8243; text_font=\u00bbCardo||||||||\u00bb text_text_align=\u00bbcenter\u00bb text_text_color=\u00bb#2a2a2a\u00bb text_font_size=\u00bb42px\u00bb text_line_height=\u00bb1.4em\u00bb animation_style=\u00bbfade\u00bb text_font_size_tablet=\u00bb30px\u00bb text_font_size_phone=\u00bb30px\u00bb text_font_size_last_edited=\u00bbon|desktop\u00bb]<\/p>\n<p>\u00a1Vamos por el mejor 2021!<\/p>\n<p>[\/et_pb_text][et_pb_divider divider_weight=\u00bb2px\u00bb _builder_version=\u00bb3.26.7&#8243; width=\u00bb50%\u00bb module_alignment=\u00bbcenter\u00bb custom_padding=\u00bb||||false|false\u00bb][\/et_pb_divider][et_pb_text _builder_version=\u00bb3.26.7&#8243; text_font=\u00bbCardo||||||||\u00bb text_text_align=\u00bbcenter\u00bb text_font_size=\u00bb20px\u00bb text_line_height=\u00bb1.8em\u00bb text_orientation=\u00bbjustify\u00bb module_alignment=\u00bbcenter\u00bb custom_padding=\u00bb||5%||false|false\u00bb locked=\u00bboff\u00bb]<\/p>\n<p>Marcelo Jorge Marinsalta.<br \/>Director.<\/p>\n<p>[\/et_pb_text][\/et_pb_column][\/et_pb_row][et_pb_row _builder_version=\u00bb3.26.7&#8243; custom_padding=\u00bb||||false|false\u00bb locked=\u00bboff\u00bb][et_pb_column type=\u00bb4_4&#8243; _builder_version=\u00bb3.26.7&#8243;][et_pb_divider _builder_version=\u00bb3.26.7&#8243; animation_style=\u00bbzoom\u00bb][\/et_pb_divider][et_pb_video src=\u00bbhttps:\/\/youtu.be\/dZRvPEK8WwM\u00bb _builder_version=\u00bb3.26.7&#8243; animation_style=\u00bbfold\u00bb][\/et_pb_video][\/et_pb_column][\/et_pb_row][et_pb_row _builder_version=\u00bb3.26.7&#8243;][et_pb_column type=\u00bb4_4&#8243; _builder_version=\u00bb3.26.7&#8243;][et_pb_button button_url=\u00bb@ET-DC@eyJkeW5hbWljIjp0cnVlLCJjb250ZW50IjoicG9zdF9saW5rX3VybF9wYWdlIiwic2V0dGluZ3MiOnsicG9zdF9pZCI6IjE3In19@\u00bb button_text=\u00bbVolver al Sumario\u00bb button_alignment=\u00bbcenter\u00bb _builder_version=\u00bb3.26.7&#8243; _dynamic_attributes=\u00bbbutton_url\u00bb][\/et_pb_button][\/et_pb_column][\/et_pb_row][\/et_pb_section]<\/p>\n","protected":false},"excerpt":{"rendered":"<p>[et_pb_section fb_built=\u00bb1&#8243; custom_padding_last_edited=\u00bbon|desktop\u00bb admin_label=\u00bbRelated Articles\u00bb _builder_version=\u00bb3.26.7&#8243; background_color=\u00bb#2d2d2d\u00bb custom_padding=\u00bb||||false|false\u00bb custom_padding_tablet=\u00bb||2%||false|false\u00bb locked=\u00bboff\u00bb][et_pb_row _builder_version=\u00bb3.27.3&#8243;][et_pb_column type=\u00bb4_4&#8243; _builder_version=\u00bb3.27.3&#8243;][et_pb_text _builder_version=\u00bb3.26.7&#8243; header_2_font=\u00bbMontserrat|700||on|||||\u00bb header_2_font_size=\u00bb60px\u00bb header_2_line_height=\u00bb1.2em\u00bb background_layout=\u00bbdark\u00bb max_width=\u00bb80%\u00bb max_width_tablet=\u00bb90%\u00bb max_width_phone=\u00bb90%\u00bb max_width_last_edited=\u00bbon|phone\u00bb animation_style=\u00bbflip\u00bb header_2_font_size_tablet=\u00bb40px\u00bb header_2_font_size_phone=\u00bb30px\u00bb header_2_font_size_last_edited=\u00bbon|phone\u00bb locked=\u00bboff\u00bb] Editorial [\/et_pb_text][et_pb_divider color=\u00bb#e02b20&#8243; divider_weight=\u00bb3px\u00bb _builder_version=\u00bb3.26.7&#8243; width=\u00bb30%\u00bb animation_style=\u00bbslide\u00bb animation_direction=\u00bbright\u00bb][\/et_pb_divider][\/et_pb_column][\/et_pb_row][\/et_pb_section][et_pb_section fb_built=\u00bb1&#8243; custom_padding_last_edited=\u00bbon|tablet\u00bb _builder_version=\u00bb3.26.7&#8243; background_color=\u00bb#f4f4f4&#8243; custom_padding=\u00bb||5%||false|false\u00bb custom_padding_tablet=\u00bb3%||8%||false|false\u00bb custom_padding_phone=\u00bb3%||10%||false|false\u00bb][et_pb_row _builder_version=\u00bb3.26.7&#8243; custom_padding=\u00bb||0px||false|false\u00bb][et_pb_column type=\u00bb4_4&#8243; _builder_version=\u00bb3.26.7&#8243;][et_pb_text _builder_version=\u00bb3.26.7&#8243; text_text_align=\u00bbjustify\u00bb text_line_height=\u00bb1.8em\u00bb text_orientation=\u00bbjustify\u00bb module_alignment=\u00bbcenter\u00bb animation_style=\u00bbfade\u00bb text_font_size_tablet=\u00bb16px\u00bb text_font_size_last_edited=\u00bbon|desktop\u00bb locked=\u00bboff\u00bb] [&hellip;]<\/p>\n","protected":false},"author":2,"featured_media":0,"parent":0,"menu_order":0,"comment_status":"closed","ping_status":"closed","template":"","meta":{"_et_pb_use_builder":"on","_et_pb_old_content":""},"_links":{"self":[{"href":"https:\/\/codimat.com.ar\/destacados2020\/wp-json\/wp\/v2\/pages\/126"}],"collection":[{"href":"https:\/\/codimat.com.ar\/destacados2020\/wp-json\/wp\/v2\/pages"}],"about":[{"href":"https:\/\/codimat.com.ar\/destacados2020\/wp-json\/wp\/v2\/types\/page"}],"author":[{"embeddable":true,"href":"https:\/\/codimat.com.ar\/destacados2020\/wp-json\/wp\/v2\/users\/2"}],"replies":[{"embeddable":true,"href":"https:\/\/codimat.com.ar\/destacados2020\/wp-json\/wp\/v2\/comments?post=126"}],"version-history":[{"count":17,"href":"https:\/\/codimat.com.ar\/destacados2020\/wp-json\/wp\/v2\/pages\/126\/revisions"}],"predecessor-version":[{"id":699,"href":"https:\/\/codimat.com.ar\/destacados2020\/wp-json\/wp\/v2\/pages\/126\/revisions\/699"}],"wp:attachment":[{"href":"https:\/\/codimat.com.ar\/destacados2020\/wp-json\/wp\/v2\/media?parent=126"}],"curies":[{"name":"wp","href":"https:\/\/api.w.org\/{rel}","templated":true}]}}