{"id":168,"date":"2021-02-05T17:04:08","date_gmt":"2021-02-05T20:04:08","guid":{"rendered":"https:\/\/codimat.com.ar\/destacados2020\/?page_id=168"},"modified":"2021-05-10T10:15:38","modified_gmt":"2021-05-10T13:15:38","slug":"capital-humano","status":"publish","type":"page","link":"https:\/\/codimat.com.ar\/destacados2020\/capital-humano\/","title":{"rendered":"Capital Humano"},"content":{"rendered":"<p>[et_pb_section fb_built=\u00bb1&#8243; custom_padding_last_edited=\u00bbon|desktop\u00bb admin_label=\u00bbRelated Articles\u00bb _builder_version=\u00bb3.26.7&#8243; background_color=\u00bb#2d2d2d\u00bb custom_padding=\u00bb||||false|false\u00bb custom_padding_tablet=\u00bb||2%||false|false\u00bb][et_pb_row _builder_version=\u00bb3.27.3&#8243;][et_pb_column type=\u00bb4_4&#8243; _builder_version=\u00bb3.27.3&#8243;][et_pb_text _builder_version=\u00bb3.26.7&#8243; header_2_font=\u00bbMontserrat|700||on|||||\u00bb header_2_font_size=\u00bb60px\u00bb header_2_line_height=\u00bb1.2em\u00bb background_layout=\u00bbdark\u00bb max_width=\u00bb80%\u00bb max_width_tablet=\u00bb90%\u00bb max_width_phone=\u00bb90%\u00bb max_width_last_edited=\u00bbon|phone\u00bb animation_style=\u00bbflip\u00bb header_2_font_size_tablet=\u00bb40px\u00bb header_2_font_size_phone=\u00bb30px\u00bb header_2_font_size_last_edited=\u00bbon|phone\u00bb locked=\u00bboff\u00bb]<\/p>\n<h2>Capital humano<\/h2>\n<p>[\/et_pb_text][et_pb_divider color=\u00bb#e02b20&#8243; divider_weight=\u00bb3px\u00bb _builder_version=\u00bb3.26.7&#8243; width=\u00bb30%\u00bb animation_style=\u00bbslide\u00bb animation_direction=\u00bbright\u00bb][\/et_pb_divider][\/et_pb_column][\/et_pb_row][\/et_pb_section][et_pb_section fb_built=\u00bb1&#8243; _builder_version=\u00bb3.26.7&#8243; background_color=\u00bb#f4f4f4&#8243; custom_padding=\u00bb2%||||false|false\u00bb][et_pb_row _builder_version=\u00bb3.26.7&#8243;][et_pb_column type=\u00bb4_4&#8243; _builder_version=\u00bb3.26.7&#8243;][et_pb_text _builder_version=\u00bb3.26.7&#8243; text_text_align=\u00bbjustify\u00bb text_font_size=\u00bb16px\u00bb text_line_height=\u00bb1.8em\u00bb text_orientation=\u00bbjustify\u00bb module_alignment=\u00bbcenter\u00bb animation_style=\u00bbfade\u00bb locked=\u00bboff\u00bb]<\/p>\n<p>Desde hace aproximadamente 5 a\u00f1os, Codimat empez\u00f3 un proceso de profesionalizaci\u00f3n en todas sus estructuras, capacitando a su personal propio y orientando las b\u00fasquedas de ingreso a j\u00f3venes profesionales que tuvieran el deseo de empezar su vida laboral en la empresa.<\/p>\n<p>Una de las decisiones estrat\u00e9gicas fue poner en funcionamiento un programa de Pasant\u00edas, en conjunto con la UNS, para estudiantes avanzados de las carreras vinculadas a nuestra actividad (Contador P\u00fablico Nacional, Licenciatura en Administraci\u00f3n, Ingenier\u00eda Industrial, Sistemas).<\/p>\n<p><strong>Desde entonces pasaron 18 j\u00f3venes profesionales, de los cuales 11 continuaron trabajando con nosotros una vez terminada la pasant\u00eda<\/strong>. De ellos, 7 a\u00fan contin\u00faan en la empresa.<\/p>\n<p>[\/et_pb_text][et_pb_video src=\u00bbhttps:\/\/youtu.be\/mI9Q8uuBBac\u00bb _builder_version=\u00bb3.26.7&#8243;][\/et_pb_video][\/et_pb_column][\/et_pb_row][\/et_pb_section][et_pb_section fb_built=\u00bb1&#8243; _builder_version=\u00bb3.27.3&#8243;][et_pb_row _builder_version=\u00bb3.26.7&#8243; animation_style=\u00bbfade\u00bb][et_pb_column type=\u00bb4_4&#8243; _builder_version=\u00bb3.27.3&#8243;][et_pb_text quote_border_color=\u00bb#000000&#8243; _builder_version=\u00bb3.26.7&#8243; text_text_align=\u00bbjustify\u00bb text_font_size=\u00bb20px\u00bb text_line_height=\u00bb1.8em\u00bb quote_font=\u00bb|600|||||||\u00bb quote_text_color=\u00bb#000000&#8243; text_orientation=\u00bbjustify\u00bb module_alignment=\u00bbcenter\u00bb text_font_size_tablet=\u00bb18px\u00bb text_font_size_phone=\u00bb16px\u00bb text_font_size_last_edited=\u00bbon|desktop\u00bb locked=\u00bboff\u00bb]<\/p>\n<blockquote>\n<p>Complementando esta pol\u00edtica y pensando en adaptar a la empresa a las nuevas formas de comercializaci\u00f3n y de relaci\u00f3n con los clientes, fuimos sumando colaboradores j\u00f3venes para estar mejor preparados para los cambios.<\/p>\n<\/blockquote>\n<p>[\/et_pb_text][\/et_pb_column][\/et_pb_row][et_pb_row _builder_version=\u00bb3.26.7&#8243;][et_pb_column type=\u00bb4_4&#8243; _builder_version=\u00bb3.26.7&#8243;][et_pb_image src=\u00bbhttps:\/\/codimat.com.ar\/destacados2020\/wp-content\/uploads\/2021\/02\/Flechas.png\u00bb _builder_version=\u00bb3.26.7&#8243; width=\u00bb100px\u00bb width_tablet=\u00bb50px\u00bb width_last_edited=\u00bbon|desktop\u00bb custom_margin=\u00bb||||false|false\u00bb animation_style=\u00bbfold\u00bb][\/et_pb_image][et_pb_text _builder_version=\u00bb3.26.7&#8243; text_font=\u00bbCardo||||||||\u00bb text_text_color=\u00bb#e02b20&#8243; text_font_size=\u00bb42px\u00bb text_line_height=\u00bb1.4em\u00bb animation_style=\u00bbfade\u00bb text_font_size_tablet=\u00bb36px\u00bb text_font_size_phone=\u00bb24px\u00bb text_font_size_last_edited=\u00bbon|desktop\u00bb]<\/p>\n<p>Hoy, uno de cada cuatro empleados de Codimat no supera los 31 a\u00f1os<em>,\u00a0<\/em>muchos de ellos j\u00f3venes profesionales que est\u00e1n haciendo su primera experiencia laboral.\u00a0<em>\u00a0<\/em>Y la mayor\u00eda de ellos est\u00e1n vinculados a la atenci\u00f3n al p\u00fablico, tratando de mantener vivo uno de los pilares de Codimat, atenci\u00f3n cordial y asesoramiento profesional.<\/p>\n<p>[\/et_pb_text][\/et_pb_column][\/et_pb_row][et_pb_row _builder_version=\u00bb3.26.7&#8243; custom_padding=\u00bb||||false|false\u00bb][et_pb_column type=\u00bb4_4&#8243; _builder_version=\u00bb3.26.7&#8243;][et_pb_divider _builder_version=\u00bb3.26.7&#8243; animation_style=\u00bbzoom\u00bb][\/et_pb_divider][et_pb_image src=\u00bbhttps:\/\/codimat.com.ar\/destacados2020\/wp-content\/uploads\/2020\/12\/Publicidad.gif\u00bb _builder_version=\u00bb3.26.7&#8243; animation_style=\u00bbfold\u00bb][\/et_pb_image][et_pb_image src=\u00bbhttps:\/\/codimat.com.ar\/destacados2020\/wp-content\/uploads\/2021\/05\/ACA-Aviso.jpg\u00bb _builder_version=\u00bb3.26.7&#8243; animation_style=\u00bbfold\u00bb][\/et_pb_image][\/et_pb_column][\/et_pb_row][et_pb_row _builder_version=\u00bb3.26.7&#8243; custom_padding=\u00bb||||false|false\u00bb animation_style=\u00bbfold\u00bb][et_pb_column type=\u00bb4_4&#8243; _builder_version=\u00bb3.26.7&#8243;][et_pb_button button_url=\u00bb@ET-DC@eyJkeW5hbWljIjp0cnVlLCJjb250ZW50IjoicG9zdF9saW5rX3VybF9wYWdlIiwic2V0dGluZ3MiOnsicG9zdF9pZCI6IjE3In19@\u00bb button_text=\u00bbVolver al Sumario\u00bb button_alignment=\u00bbcenter\u00bb _builder_version=\u00bb3.26.7&#8243; _dynamic_attributes=\u00bbbutton_url\u00bb][\/et_pb_button][\/et_pb_column][\/et_pb_row][\/et_pb_section]<\/p>\n","protected":false},"excerpt":{"rendered":"<p>[et_pb_section fb_built=\u00bb1&#8243; custom_padding_last_edited=\u00bbon|desktop\u00bb admin_label=\u00bbRelated Articles\u00bb _builder_version=\u00bb3.26.7&#8243; background_color=\u00bb#2d2d2d\u00bb custom_padding=\u00bb||||false|false\u00bb custom_padding_tablet=\u00bb||2%||false|false\u00bb][et_pb_row _builder_version=\u00bb3.27.3&#8243;][et_pb_column type=\u00bb4_4&#8243; _builder_version=\u00bb3.27.3&#8243;][et_pb_text _builder_version=\u00bb3.26.7&#8243; header_2_font=\u00bbMontserrat|700||on|||||\u00bb header_2_font_size=\u00bb60px\u00bb header_2_line_height=\u00bb1.2em\u00bb background_layout=\u00bbdark\u00bb max_width=\u00bb80%\u00bb max_width_tablet=\u00bb90%\u00bb max_width_phone=\u00bb90%\u00bb max_width_last_edited=\u00bbon|phone\u00bb animation_style=\u00bbflip\u00bb header_2_font_size_tablet=\u00bb40px\u00bb header_2_font_size_phone=\u00bb30px\u00bb header_2_font_size_last_edited=\u00bbon|phone\u00bb locked=\u00bboff\u00bb] Capital humano [\/et_pb_text][et_pb_divider color=\u00bb#e02b20&#8243; divider_weight=\u00bb3px\u00bb _builder_version=\u00bb3.26.7&#8243; width=\u00bb30%\u00bb animation_style=\u00bbslide\u00bb animation_direction=\u00bbright\u00bb][\/et_pb_divider][\/et_pb_column][\/et_pb_row][\/et_pb_section][et_pb_section fb_built=\u00bb1&#8243; _builder_version=\u00bb3.26.7&#8243; background_color=\u00bb#f4f4f4&#8243; custom_padding=\u00bb2%||||false|false\u00bb][et_pb_row _builder_version=\u00bb3.26.7&#8243;][et_pb_column type=\u00bb4_4&#8243; _builder_version=\u00bb3.26.7&#8243;][et_pb_text _builder_version=\u00bb3.26.7&#8243; text_text_align=\u00bbjustify\u00bb text_font_size=\u00bb16px\u00bb text_line_height=\u00bb1.8em\u00bb text_orientation=\u00bbjustify\u00bb module_alignment=\u00bbcenter\u00bb animation_style=\u00bbfade\u00bb locked=\u00bboff\u00bb] Desde hace aproximadamente 5 a\u00f1os, [&hellip;]<\/p>\n","protected":false},"author":2,"featured_media":0,"parent":0,"menu_order":0,"comment_status":"closed","ping_status":"closed","template":"","meta":{"_et_pb_use_builder":"on","_et_pb_old_content":""},"_links":{"self":[{"href":"https:\/\/codimat.com.ar\/destacados2020\/wp-json\/wp\/v2\/pages\/168"}],"collection":[{"href":"https:\/\/codimat.com.ar\/destacados2020\/wp-json\/wp\/v2\/pages"}],"about":[{"href":"https:\/\/codimat.com.ar\/destacados2020\/wp-json\/wp\/v2\/types\/page"}],"author":[{"embeddable":true,"href":"https:\/\/codimat.com.ar\/destacados2020\/wp-json\/wp\/v2\/users\/2"}],"replies":[{"embeddable":true,"href":"https:\/\/codimat.com.ar\/destacados2020\/wp-json\/wp\/v2\/comments?post=168"}],"version-history":[{"count":17,"href":"https:\/\/codimat.com.ar\/destacados2020\/wp-json\/wp\/v2\/pages\/168\/revisions"}],"predecessor-version":[{"id":750,"href":"https:\/\/codimat.com.ar\/destacados2020\/wp-json\/wp\/v2\/pages\/168\/revisions\/750"}],"wp:attachment":[{"href":"https:\/\/codimat.com.ar\/destacados2020\/wp-json\/wp\/v2\/media?parent=168"}],"curies":[{"name":"wp","href":"https:\/\/api.w.org\/{rel}","templated":true}]}}