{"id":393,"date":"2021-02-11T11:22:39","date_gmt":"2021-02-11T14:22:39","guid":{"rendered":"https:\/\/codimat.com.ar\/destacados2020\/?page_id=393"},"modified":"2021-03-03T11:51:15","modified_gmt":"2021-03-03T14:51:15","slug":"dominic-new","status":"publish","type":"page","link":"https:\/\/codimat.com.ar\/destacados2020\/dominic-new\/","title":{"rendered":"Dominic New"},"content":{"rendered":"<p>[et_pb_section fb_built=\u00bb1&#8243; custom_padding_last_edited=\u00bbon|desktop\u00bb admin_label=\u00bbRelated Articles\u00bb _builder_version=\u00bb3.26.7&#8243; background_color=\u00bb#2d2d2d\u00bb custom_padding=\u00bb||||false|false\u00bb custom_padding_tablet=\u00bb||2%||false|false\u00bb locked=\u00bboff\u00bb][et_pb_row _builder_version=\u00bb3.26.7&#8243; custom_margin=\u00bb||||false|false\u00bb custom_padding=\u00bb||0px||false|false\u00bb][et_pb_column type=\u00bb4_4&#8243; _builder_version=\u00bb3.27.3&#8243;][et_pb_text _builder_version=\u00bb3.26.7&#8243; header_text_align=\u00bbright\u00bb header_text_color=\u00bb#e02b20&#8243; border_width_right=\u00bb3px\u00bb border_color_right=\u00bb#e02b20&#8243; custom_padding=\u00bb7px|2%|||false|false\u00bb custom_padding_tablet=\u00bb|3%|||false|false\u00bb custom_padding_phone=\u00bb|5%|||false|false\u00bb custom_padding_last_edited=\u00bbon|phone\u00bb animation_style=\u00bbfold\u00bb header_font_size_tablet=\u00bb25px\u00bb header_font_size_phone=\u00bb20px\u00bb header_font_size_last_edited=\u00bbon|phone\u00bb]<\/p>\n<h1>NOTA T\u00c9CNICA<\/h1>\n<p>[\/et_pb_text][\/et_pb_column][\/et_pb_row][et_pb_row _builder_version=\u00bb3.27.3&#8243;][et_pb_column type=\u00bb4_4&#8243; _builder_version=\u00bb3.27.3&#8243;][et_pb_text _builder_version=\u00bb3.26.7&#8243; text_font=\u00bbMontserrat|||on|||||\u00bb text_font_size=\u00bb25px\u00bb text_line_height=\u00bb1.4em\u00bb header_2_font=\u00bbMontserrat|700||on|||||\u00bb header_2_font_size=\u00bb50px\u00bb header_2_line_height=\u00bb1.4em\u00bb background_layout=\u00bbdark\u00bb width=\u00bb80%\u00bb width_tablet=\u00bb90%\u00bb width_last_edited=\u00bbon|desktop\u00bb animation_style=\u00bbfold\u00bb text_font_size_tablet=\u00bb16px\u00bb text_font_size_phone=\u00bb16px\u00bb text_font_size_last_edited=\u00bbon|desktop\u00bb header_2_font_size_tablet=\u00bb35px\u00bb header_2_font_size_phone=\u00bb30px\u00bb header_2_font_size_last_edited=\u00bbon|desktop\u00bb locked=\u00bboff\u00bb]<\/p>\n<h2>Dominic New<\/h2>\n<p><strong>Ducha termost\u00e1tica exterior &#8211; 0313\/85N<\/strong><\/p>\n<p>[\/et_pb_text][et_pb_divider divider_weight=\u00bb3px\u00bb _builder_version=\u00bb3.26.7&#8243; width=\u00bb30%\u00bb animation_style=\u00bbslide\u00bb animation_direction=\u00bbright\u00bb][\/et_pb_divider][\/et_pb_column][\/et_pb_row][\/et_pb_section][et_pb_section fb_built=\u00bb1&#8243; _builder_version=\u00bb3.26.7&#8243; background_color=\u00bb#f4f4f4&#8243; custom_padding=\u00bb||||false|false\u00bb][et_pb_row column_structure=\u00bb1_3,2_3&#8243; _builder_version=\u00bb3.26.7&#8243;][et_pb_column type=\u00bb1_3&#8243; _builder_version=\u00bb3.26.7&#8243;][et_pb_image src=\u00bbhttps:\/\/codimat.com.ar\/destacados2020\/wp-content\/uploads\/2021\/02\/FV_DominicNew.jpg\u00bb align=\u00bbcenter\u00bb align_last_edited=\u00bbon|desktop\u00bb _builder_version=\u00bb3.26.7&#8243; border_radii=\u00bbon|50px|50px|50px|50px\u00bb custom_padding=\u00bb||||false|false\u00bb custom_padding_tablet=\u00bb0%||||false|false\u00bb custom_padding_last_edited=\u00bbon|desktop\u00bb animation_style=\u00bbfold\u00bb][\/et_pb_image][\/et_pb_column][et_pb_column type=\u00bb2_3&#8243; _builder_version=\u00bb3.26.7&#8243;][et_pb_text _builder_version=\u00bb3.26.7&#8243; text_text_align=\u00bbjustify\u00bb text_line_height=\u00bb1.8em\u00bb text_orientation=\u00bbjustify\u00bb module_alignment=\u00bbcenter\u00bb custom_padding=\u00bb2%||||false|false\u00bb animation_style=\u00bbfade\u00bb text_font_size_tablet=\u00bb16px\u00bb text_font_size_last_edited=\u00bbon|phone\u00bb locked=\u00bboff\u00bb]<\/p>\n<p>Su tecnolog\u00eda con control de temperatura la vuelve perfecta en combinaci\u00f3n con la ducha cuadrada de 25 cm y el duchador manual con manguera met\u00e1lica. De l\u00edneas formas puras y bordes suaves, mantiene viva la esencia de la l\u00ednea Dominic para quienes buscan algo innovador y original, de dise\u00f1o moderno y minimalista.<\/p>\n<p>[\/et_pb_text][et_pb_text quote_border_color=\u00bb#000000&#8243; _builder_version=\u00bb3.26.7&#8243; text_text_align=\u00bbjustify\u00bb text_font_size=\u00bb20px\u00bb text_line_height=\u00bb1.8em\u00bb quote_font=\u00bb|600|||||||\u00bb quote_text_color=\u00bb#000000&#8243; text_orientation=\u00bbjustify\u00bb module_alignment=\u00bbcenter\u00bb animation_style=\u00bbfade\u00bb text_font_size_tablet=\u00bb18px\u00bb text_font_size_phone=\u00bb16px\u00bb text_font_size_last_edited=\u00bbon|desktop\u00bb locked=\u00bboff\u00bb]<\/p>\n<blockquote>\n<p>Proyect\u00e1 tu ba\u00f1o so\u00f1ado desde cero, o renov\u00e1 tu juego de ducha exterior tradicional actual por nuestra ducha exterior termost\u00e1tica Dominic New gracias a la compatibilidad de las conexiones, sin hacer ning\u00fan tipo de modificaci\u00f3n y siempre respetando sus requerimientos de instalaci\u00f3n.<\/p>\n<\/blockquote>\n<p>[\/et_pb_text][\/et_pb_column][\/et_pb_row][\/et_pb_section][et_pb_section fb_built=\u00bb1&#8243; _builder_version=\u00bb3.27.3&#8243;][et_pb_row _builder_version=\u00bb3.26.7&#8243;][et_pb_column type=\u00bb4_4&#8243; _builder_version=\u00bb3.26.7&#8243;][et_pb_image src=\u00bbhttps:\/\/codimat.com.ar\/destacados2020\/wp-content\/uploads\/2021\/02\/Flechas.png\u00bb _builder_version=\u00bb3.26.7&#8243; width=\u00bb100px\u00bb width_tablet=\u00bb50px\u00bb width_last_edited=\u00bbon|phone\u00bb custom_margin=\u00bb||||false|false\u00bb animation_style=\u00bbfold\u00bb][\/et_pb_image][et_pb_text _builder_version=\u00bb3.26.7&#8243; text_font=\u00bbCardo||||||||\u00bb text_text_color=\u00bb#e02b20&#8243; text_font_size=\u00bb42px\u00bb text_line_height=\u00bb1.4em\u00bb animation_style=\u00bbfade\u00bb text_font_size_tablet=\u00bb36px\u00bb text_font_size_phone=\u00bb24px\u00bb text_font_size_last_edited=\u00bbon|desktop\u00bb]<\/p>\n<p>Caracter\u00edsticas\u00a0 y consideraciones importantes:<\/p>\n<p>[\/et_pb_text][\/et_pb_column][\/et_pb_row][et_pb_row _builder_version=\u00bb3.26.7&#8243; animation_style=\u00bbfade\u00bb][et_pb_column type=\u00bb4_4&#8243; _builder_version=\u00bb3.27.3&#8243;][et_pb_blurb use_icon=\u00bbon\u00bb font_icon=\u00bb%%45%%\u00bb icon_placement=\u00bbleft\u00bb _builder_version=\u00bb3.26.7&#8243; header_level=\u00bbh3&#8243; header_font=\u00bb||||||||\u00bb header_line_height=\u00bb1.4em\u00bb body_font=\u00bbMontserrat||||||||\u00bb body_line_height=\u00bb1.4em\u00bb header_font_size_tablet=\u00bb18px\u00bb header_font_size_last_edited=\u00bbon|phone\u00bb body_font_size_tablet=\u00bb16px\u00bb body_font_size_last_edited=\u00bbon|desktop\u00bb]<\/p>\n<p>Disponible s\u00f3lo en acabado cromo (CR).<\/p>\n<p>[\/et_pb_blurb][et_pb_blurb use_icon=\u00bbon\u00bb font_icon=\u00bb%%45%%\u00bb icon_placement=\u00bbleft\u00bb _builder_version=\u00bb3.26.7&#8243; header_level=\u00bbh3&#8243; header_font=\u00bb||||||||\u00bb header_line_height=\u00bb1.4em\u00bb body_font=\u00bbMontserrat||||||||\u00bb body_line_height=\u00bb1.4em\u00bb header_font_size_tablet=\u00bb18px\u00bb header_font_size_last_edited=\u00bbon|phone\u00bb body_font_size_tablet=\u00bb16px\u00bb body_font_size_last_edited=\u00bbon|desktop\u00bb]<\/p>\n<p>No es apto para calef\u00f3n o caldera mural.<\/p>\n<p>[\/et_pb_blurb][et_pb_blurb use_icon=\u00bbon\u00bb font_icon=\u00bb%%45%%\u00bb icon_placement=\u00bbleft\u00bb _builder_version=\u00bb3.26.7&#8243; header_level=\u00bbh3&#8243; header_font=\u00bb||||||||\u00bb header_line_height=\u00bb1.4em\u00bb body_font=\u00bbMontserrat||||||||\u00bb body_line_height=\u00bb1.4em\u00bb header_font_size_tablet=\u00bb18px\u00bb header_font_size_last_edited=\u00bbon|phone\u00bb body_font_size_tablet=\u00bb16px\u00bb body_font_size_last_edited=\u00bbon|desktop\u00bb]<\/p>\n<p>Presi\u00f3n m\u00ednima recomendada 1,4 kg.<\/p>\n<p>[\/et_pb_blurb][et_pb_blurb use_icon=\u00bbon\u00bb font_icon=\u00bb%%45%%\u00bb icon_placement=\u00bbleft\u00bb _builder_version=\u00bb3.26.7&#8243; header_level=\u00bbh3&#8243; header_font=\u00bb||||||||\u00bb header_line_height=\u00bb1.4em\u00bb body_font=\u00bbMontserrat||||||||\u00bb body_line_height=\u00bb1.4em\u00bb header_font_size_tablet=\u00bb18px\u00bb header_font_size_last_edited=\u00bbon|phone\u00bb body_font_size_tablet=\u00bb16px\u00bb body_font_size_last_edited=\u00bbon|desktop\u00bb]<\/p>\n<p>Posee boquillas anticalc\u00e1reas para disminuir la acumulaci\u00f3n de sarro en la flor de ducha.<\/p>\n<p>[\/et_pb_blurb][et_pb_blurb use_icon=\u00bbon\u00bb font_icon=\u00bb%%45%%\u00bb icon_placement=\u00bbleft\u00bb _builder_version=\u00bb3.26.7&#8243; header_level=\u00bbh3&#8243; header_font=\u00bb||||||||\u00bb header_line_height=\u00bb1.4em\u00bb body_font=\u00bbMontserrat||||||||\u00bb body_line_height=\u00bb1.4em\u00bb header_font_size_tablet=\u00bb18px\u00bb header_font_size_last_edited=\u00bbon|phone\u00bb body_font_size_tablet=\u00bb16px\u00bb body_font_size_last_edited=\u00bbon|desktop\u00bb]<\/p>\n<p>F\u00e1cil instalaci\u00f3n y mantenimiento.<\/p>\n<p>[\/et_pb_blurb][\/et_pb_column][\/et_pb_row][\/et_pb_section][et_pb_section fb_built=\u00bb1&#8243; _builder_version=\u00bb3.26.7&#8243; background_color=\u00bb#f4f4f4&#8243; custom_padding=\u00bb||||false|false\u00bb][et_pb_row _builder_version=\u00bb3.26.7&#8243;][et_pb_column type=\u00bb4_4&#8243; _builder_version=\u00bb3.26.7&#8243;][et_pb_image src=\u00bbhttps:\/\/codimat.com.ar\/destacados2020\/wp-content\/uploads\/2021\/02\/FV-Logo-.png\u00bb align=\u00bbcenter\u00bb _builder_version=\u00bb3.26.7&#8243; height=\u00bb150px\u00bb custom_padding_tablet=\u00bb0%||5%||false|false\u00bb custom_padding_last_edited=\u00bbon|phone\u00bb animation_style=\u00bbflip\u00bb][\/et_pb_image][et_pb_text _builder_version=\u00bb3.26.7&#8243; text_text_align=\u00bbjustify\u00bb text_line_height=\u00bb1.8em\u00bb text_orientation=\u00bbjustify\u00bb module_alignment=\u00bbcenter\u00bb custom_padding=\u00bb||||false|false\u00bb animation_style=\u00bbfade\u00bb text_font_size_tablet=\u00bb16px\u00bb text_font_size_last_edited=\u00bbon|phone\u00bb locked=\u00bboff\u00bb]<\/p>\n<p>FV S.A. es una empresa dedicada a la fabricaci\u00f3n y comercializaci\u00f3n de grifer\u00eda en una amplia gama de productos destinados al ba\u00f1o, la cocina y las instalaciones sanitarias. Hoy es l\u00edder indiscutido del sector en la Argentina y los mercados latinoamericanos.<\/p>\n<p>FV realiza procesos de producci\u00f3n integrado, asegurando la calidad en cada etapa del proceso productivo y proporcionando una amplia gama de productos realizados \u00edntegramente, desde el dise\u00f1o al packaging.<\/p>\n<p>En Argentina, posee un establecimiento cerca de la ciudad de Pilar, a 60 kil\u00f3metros de Buenos Aires, que cubre un \u00e1rea de 80000 m2 donde se dise\u00f1an juegos de grifer\u00eda que satisfacen un amplio espectro de necesidades a trav\u00e9s de cerca de 3500 art\u00edculos distintos. Asimismo, cuenta con oficinas comerciales en la localidad de Florida, Buenos Aires, de 9500 m2, y sucursales en las ciudades m\u00e1s importantes del interior del pa\u00eds.<\/p>\n<p>FV es una de las pocas empresas argentinas que cuenta con un Departamento de Dise\u00f1o Industrial, dedicado exclusivamente a la creaci\u00f3n de nuevos productos.<\/p>\n<p>Conceptos como calidad, dise\u00f1o y servicio son metas para cada uno de sus integrantes. M\u00e1s de 1500 personas trabajan hoy en los establecimientos integrados que posee FV en Argentina. <\/p>\n<p>[\/et_pb_text][\/et_pb_column][\/et_pb_row][\/et_pb_section][et_pb_section fb_built=\u00bb1&#8243; _builder_version=\u00bb3.26.7&#8243; custom_padding=\u00bb||||false|false\u00bb][et_pb_row _builder_version=\u00bb3.26.7&#8243;][et_pb_column type=\u00bb4_4&#8243; _builder_version=\u00bb3.26.7&#8243;][et_pb_divider _builder_version=\u00bb3.26.7&#8243; animation_style=\u00bbzoom\u00bb][\/et_pb_divider][\/et_pb_column][\/et_pb_row][et_pb_row _builder_version=\u00bb3.26.7&#8243;][et_pb_column type=\u00bb4_4&#8243; _builder_version=\u00bb3.26.7&#8243;][et_pb_video src=\u00bbhttps:\/\/youtu.be\/B9TCnCTzfec\u00bb _builder_version=\u00bb3.26.7&#8243; animation_style=\u00bbfold\u00bb][\/et_pb_video][et_pb_image src=\u00bbhttps:\/\/codimat.com.ar\/destacados2020\/wp-content\/uploads\/2021\/03\/Tuboforte-Aviso.jpg\u00bb _builder_version=\u00bb3.26.7&#8243; animation_style=\u00bbfold\u00bb][\/et_pb_image][\/et_pb_column][\/et_pb_row][et_pb_row _builder_version=\u00bb3.26.7&#8243; custom_padding=\u00bb||||false|false\u00bb animation_style=\u00bbfold\u00bb][et_pb_column type=\u00bb4_4&#8243; _builder_version=\u00bb3.26.7&#8243;][et_pb_button button_url=\u00bb@ET-DC@eyJkeW5hbWljIjp0cnVlLCJjb250ZW50IjoicG9zdF9saW5rX3VybF9wYWdlIiwic2V0dGluZ3MiOnsicG9zdF9pZCI6IjE3In19@\u00bb button_text=\u00bbVolver al Sumario\u00bb button_alignment=\u00bbcenter\u00bb _builder_version=\u00bb3.26.7&#8243; _dynamic_attributes=\u00bbbutton_url\u00bb][\/et_pb_button][\/et_pb_column][\/et_pb_row][\/et_pb_section]<\/p>\n","protected":false},"excerpt":{"rendered":"<p>[et_pb_section fb_built=\u00bb1&#8243; custom_padding_last_edited=\u00bbon|desktop\u00bb admin_label=\u00bbRelated Articles\u00bb _builder_version=\u00bb3.26.7&#8243; background_color=\u00bb#2d2d2d\u00bb custom_padding=\u00bb||||false|false\u00bb custom_padding_tablet=\u00bb||2%||false|false\u00bb locked=\u00bboff\u00bb][et_pb_row _builder_version=\u00bb3.26.7&#8243; custom_margin=\u00bb||||false|false\u00bb custom_padding=\u00bb||0px||false|false\u00bb][et_pb_column type=\u00bb4_4&#8243; _builder_version=\u00bb3.27.3&#8243;][et_pb_text _builder_version=\u00bb3.26.7&#8243; header_text_align=\u00bbright\u00bb header_text_color=\u00bb#e02b20&#8243; border_width_right=\u00bb3px\u00bb border_color_right=\u00bb#e02b20&#8243; custom_padding=\u00bb7px|2%|||false|false\u00bb custom_padding_tablet=\u00bb|3%|||false|false\u00bb custom_padding_phone=\u00bb|5%|||false|false\u00bb custom_padding_last_edited=\u00bbon|phone\u00bb animation_style=\u00bbfold\u00bb header_font_size_tablet=\u00bb25px\u00bb header_font_size_phone=\u00bb20px\u00bb header_font_size_last_edited=\u00bbon|phone\u00bb] NOTA T\u00c9CNICA [\/et_pb_text][\/et_pb_column][\/et_pb_row][et_pb_row _builder_version=\u00bb3.27.3&#8243;][et_pb_column type=\u00bb4_4&#8243; _builder_version=\u00bb3.27.3&#8243;][et_pb_text _builder_version=\u00bb3.26.7&#8243; text_font=\u00bbMontserrat|||on|||||\u00bb text_font_size=\u00bb25px\u00bb text_line_height=\u00bb1.4em\u00bb header_2_font=\u00bbMontserrat|700||on|||||\u00bb header_2_font_size=\u00bb50px\u00bb header_2_line_height=\u00bb1.4em\u00bb background_layout=\u00bbdark\u00bb width=\u00bb80%\u00bb width_tablet=\u00bb90%\u00bb width_last_edited=\u00bbon|desktop\u00bb animation_style=\u00bbfold\u00bb text_font_size_tablet=\u00bb16px\u00bb text_font_size_phone=\u00bb16px\u00bb text_font_size_last_edited=\u00bbon|desktop\u00bb header_2_font_size_tablet=\u00bb35px\u00bb header_2_font_size_phone=\u00bb30px\u00bb header_2_font_size_last_edited=\u00bbon|desktop\u00bb locked=\u00bboff\u00bb] Dominic New [&hellip;]<\/p>\n","protected":false},"author":2,"featured_media":0,"parent":0,"menu_order":0,"comment_status":"closed","ping_status":"closed","template":"","meta":{"_et_pb_use_builder":"on","_et_pb_old_content":""},"_links":{"self":[{"href":"https:\/\/codimat.com.ar\/destacados2020\/wp-json\/wp\/v2\/pages\/393"}],"collection":[{"href":"https:\/\/codimat.com.ar\/destacados2020\/wp-json\/wp\/v2\/pages"}],"about":[{"href":"https:\/\/codimat.com.ar\/destacados2020\/wp-json\/wp\/v2\/types\/page"}],"author":[{"embeddable":true,"href":"https:\/\/codimat.com.ar\/destacados2020\/wp-json\/wp\/v2\/users\/2"}],"replies":[{"embeddable":true,"href":"https:\/\/codimat.com.ar\/destacados2020\/wp-json\/wp\/v2\/comments?post=393"}],"version-history":[{"count":4,"href":"https:\/\/codimat.com.ar\/destacados2020\/wp-json\/wp\/v2\/pages\/393\/revisions"}],"predecessor-version":[{"id":656,"href":"https:\/\/codimat.com.ar\/destacados2020\/wp-json\/wp\/v2\/pages\/393\/revisions\/656"}],"wp:attachment":[{"href":"https:\/\/codimat.com.ar\/destacados2020\/wp-json\/wp\/v2\/media?parent=393"}],"curies":[{"name":"wp","href":"https:\/\/api.w.org\/{rel}","templated":true}]}}