{"id":448,"date":"2021-02-18T10:51:45","date_gmt":"2021-02-18T13:51:45","guid":{"rendered":"https:\/\/codimat.com.ar\/destacados2020\/?page_id=448"},"modified":"2021-03-04T12:51:32","modified_gmt":"2021-03-04T15:51:32","slug":"autoelevadores","status":"publish","type":"page","link":"https:\/\/codimat.com.ar\/destacados2020\/autoelevadores\/","title":{"rendered":"Autoelevadores"},"content":{"rendered":"<p>[et_pb_section fb_built=\u00bb1&#8243; custom_padding_last_edited=\u00bbon|desktop\u00bb admin_label=\u00bbRelated Articles\u00bb _builder_version=\u00bb3.26.7&#8243; background_color=\u00bb#2d2d2d\u00bb custom_padding=\u00bb||||false|false\u00bb custom_padding_tablet=\u00bb||2%||false|false\u00bb locked=\u00bboff\u00bb][et_pb_row _builder_version=\u00bb3.27.3&#8243;][et_pb_column type=\u00bb4_4&#8243; _builder_version=\u00bb3.27.3&#8243;][et_pb_text _builder_version=\u00bb3.26.7&#8243; header_2_font=\u00bbMontserrat|700||on|||||\u00bb header_2_font_size=\u00bb40px\u00bb header_2_line_height=\u00bb1.2em\u00bb background_layout=\u00bbdark\u00bb width=\u00bb80%\u00bb module_alignment=\u00bbleft\u00bb animation_style=\u00bbflip\u00bb header_2_font_size_tablet=\u00bb30px\u00bb header_2_font_size_phone=\u00bb25px\u00bb header_2_font_size_last_edited=\u00bbon|desktop\u00bb locked=\u00bboff\u00bb]<\/p>\n<h2><b><span lang=\"ES\">Invertimos en equipamiento, siempre\u00a0 buscando eficiencia y el mejor servicio<\/span><\/b><\/h2>\n<p>[\/et_pb_text][et_pb_divider divider_weight=\u00bb3px\u00bb _builder_version=\u00bb3.26.7&#8243; width=\u00bb30%\u00bb animation_style=\u00bbslide\u00bb animation_direction=\u00bbright\u00bb][\/et_pb_divider][\/et_pb_column][\/et_pb_row][\/et_pb_section][et_pb_section fb_built=\u00bb1&#8243; _builder_version=\u00bb3.26.7&#8243; custom_padding=\u00bb||||false|false\u00bb][et_pb_row _builder_version=\u00bb3.26.7&#8243;][et_pb_column type=\u00bb4_4&#8243; _builder_version=\u00bb3.26.7&#8243;][et_pb_slider _builder_version=\u00bb3.26.7&#8243; height=\u00bb600px\u00bb height_tablet=\u00bb350px\u00bb height_phone=\u00bb250px\u00bb height_last_edited=\u00bbon|phone\u00bb animation_style=\u00bbfold\u00bb auto=\u00bbon\u00bb auto_speed=\u00bb3500&#8243;][et_pb_slide _builder_version=\u00bb3.26.7&#8243; background_image=\u00bbhttps:\/\/codimat.com.ar\/destacados2020\/wp-content\/uploads\/2021\/02\/Autoelevadores-01.jpg\u00bb background_enable_image=\u00bbon\u00bb][\/et_pb_slide][et_pb_slide _builder_version=\u00bb3.26.7&#8243; background_image=\u00bbhttps:\/\/codimat.com.ar\/destacados2020\/wp-content\/uploads\/2021\/02\/Autoelevadores-02.jpg\u00bb background_enable_image=\u00bbon\u00bb][\/et_pb_slide][et_pb_slide _builder_version=\u00bb3.26.7&#8243; background_image=\u00bbhttps:\/\/codimat.com.ar\/destacados2020\/wp-content\/uploads\/2021\/02\/Autoelevadores-03.jpg\u00bb background_enable_image=\u00bbon\u00bb][\/et_pb_slide][\/et_pb_slider][\/et_pb_column][\/et_pb_row][et_pb_row custom_padding_last_edited=\u00bbon|phone\u00bb _builder_version=\u00bb3.26.7&#8243; custom_padding=\u00bb||||false|false\u00bb custom_padding_tablet=\u00bb||10%||false|false\u00bb custom_padding_phone=\u00bb||15%||false|false\u00bb locked=\u00bboff\u00bb][et_pb_column type=\u00bb4_4&#8243; _builder_version=\u00bb3.26.7&#8243;][et_pb_text _builder_version=\u00bb3.26.7&#8243; text_font=\u00bbCardo||||||||\u00bb text_text_color=\u00bb#e02b20&#8243; text_font_size=\u00bb35px\u00bb text_line_height=\u00bb1.4em\u00bb animation_style=\u00bbfade\u00bb text_font_size_tablet=\u00bb36px\u00bb text_font_size_phone=\u00bb24px\u00bb text_font_size_last_edited=\u00bbon|desktop\u00bb]<\/p>\n<p>Fiel a su esencia, Codimat reinvierte permanentemente con el objetivo de facilitar y agilizar el movimiento interno de mercader\u00edas y as\u00ed brindar un mejor servicio a nuestros clientes.<\/p>\n<p>[\/et_pb_text][\/et_pb_column][\/et_pb_row][\/et_pb_section][et_pb_section fb_built=\u00bb1&#8243; _builder_version=\u00bb3.26.7&#8243; background_color=\u00bb#f4f4f4&#8243; custom_padding=\u00bb||||false|false\u00bb][et_pb_row _builder_version=\u00bb3.26.7&#8243;][et_pb_column type=\u00bb4_4&#8243; _builder_version=\u00bb3.26.7&#8243;][et_pb_text quote_border_color=\u00bb#000000&#8243; _builder_version=\u00bb3.26.7&#8243; text_text_align=\u00bbjustify\u00bb text_font_size=\u00bb20px\u00bb text_line_height=\u00bb1.8em\u00bb quote_font=\u00bb|600|||||||\u00bb quote_text_color=\u00bb#000000&#8243; text_orientation=\u00bbjustify\u00bb module_alignment=\u00bbcenter\u00bb animation_style=\u00bbfade\u00bb text_font_size_tablet=\u00bb18px\u00bb text_font_size_phone=\u00bb16px\u00bb text_font_size_last_edited=\u00bbon|desktop\u00bb locked=\u00bboff\u00bb]<\/p>\n<blockquote>\n<p>Se incorporaron cinco autoelevadores nuevos modelo 2020, marca Heli de 2.5 y 3 toneladas de capacidad, con una altura de elevaci\u00f3n de hasta 3,7 mts. a trav\u00e9s de doble etapa de elevaci\u00f3n y adem\u00e1s equipados de desplazador lateral y u\u00f1as de 1070 mm. Todos est\u00e1n provistos con el m\u00e1ximo est\u00e1ndar en cuanto a los elementos de seguridad para la tarea a desarrollar.<\/p>\n<\/blockquote>\n<p>[\/et_pb_text][et_pb_text _builder_version=\u00bb3.26.7&#8243; text_text_align=\u00bbjustify\u00bb text_line_height=\u00bb1.8em\u00bb header_3_text_color=\u00bb#e02b20&#8243; header_3_font_size=\u00bb20px\u00bb header_3_line_height=\u00bb1.8em\u00bb text_orientation=\u00bbjustify\u00bb module_alignment=\u00bbcenter\u00bb custom_padding=\u00bb5%||||false|false\u00bb animation_style=\u00bbfade\u00bb text_font_size_tablet=\u00bb16px\u00bb text_font_size_phone=\u00bb16px\u00bb text_font_size_last_edited=\u00bbon|desktop\u00bb header_3_font_size_last_edited=\u00bbon|tablet\u00bb locked=\u00bboff\u00bb]<\/p>\n<h3 style=\"font-weight: 400;\">Los dep\u00f3sitos a los cuales se destinaron estas m\u00e1quinas son:<\/h3>\n<p>[\/et_pb_text][et_pb_text _builder_version=\u00bb3.26.7&#8243; header_text_color=\u00bb#e02b20&#8243; custom_margin=\u00bb||10px||false|false\u00bb custom_padding=\u00bb||||false|false\u00bb]<\/p>\n<h1>Dep\u00f3sito N\u00b05<\/h1>\n<p>[\/et_pb_text][et_pb_divider _builder_version=\u00bb3.26.7&#8243; width=\u00bb30%\u00bb width_tablet=\u00bb50%\u00bb width_phone=\u00bb70%\u00bb width_last_edited=\u00bbon|phone\u00bb custom_margin=\u00bb||0px||false|false\u00bb custom_padding=\u00bb||||false|false\u00bb animation_style=\u00bbzoom\u00bb][\/et_pb_divider][et_pb_text _builder_version=\u00bb3.26.7&#8243; text_text_align=\u00bbjustify\u00bb text_line_height=\u00bb1.8em\u00bb text_orientation=\u00bbjustify\u00bb module_alignment=\u00bbcenter\u00bb animation_style=\u00bbfade\u00bb text_font_size_tablet=\u00bb16px\u00bb text_font_size_phone=\u00bb16px\u00bb text_font_size_last_edited=\u00bbon|desktop\u00bb locked=\u00bboff\u00bb]<\/p>\n<p style=\"font-weight: 400;\">Con dos autoelevadores de 2.5 tns. para mover pallets de cer\u00e1micos, placas de Durlock y rollos de alambres.<\/p>\n<p>[\/et_pb_text][et_pb_text _builder_version=\u00bb3.26.7&#8243; header_text_color=\u00bb#e02b20&#8243; custom_margin=\u00bb||10px||false|false\u00bb custom_padding=\u00bb||||false|false\u00bb]<\/p>\n<h1>Dep\u00f3sito N\u00b07<\/h1>\n<p>[\/et_pb_text][et_pb_divider _builder_version=\u00bb3.26.7&#8243; width=\u00bb30%\u00bb width_tablet=\u00bb50%\u00bb width_phone=\u00bb70%\u00bb width_last_edited=\u00bbon|phone\u00bb custom_margin=\u00bb||0px||false|false\u00bb custom_padding=\u00bb||||false|false\u00bb animation_style=\u00bbzoom\u00bb][\/et_pb_divider][et_pb_text _builder_version=\u00bb3.26.7&#8243; text_text_align=\u00bbjustify\u00bb text_line_height=\u00bb1.8em\u00bb text_orientation=\u00bbjustify\u00bb module_alignment=\u00bbcenter\u00bb animation_style=\u00bbfade\u00bb text_font_size_tablet=\u00bb16px\u00bb text_font_size_phone=\u00bb16px\u00bb text_font_size_last_edited=\u00bbon|desktop\u00bb locked=\u00bboff\u00bb]<\/p>\n<p style=\"font-weight: 400;\">Con dos autoelevadores, uno de 2.5 tns. y otro de 3 tns. para mover pallets de ladrillos, cemento y vigas Shapp.<\/p>\n<p>[\/et_pb_text][et_pb_text _builder_version=\u00bb3.26.7&#8243; header_text_color=\u00bb#e02b20&#8243; custom_margin=\u00bb||10px||false|false\u00bb custom_padding=\u00bb||||false|false\u00bb]<\/p>\n<h1>Dep\u00f3sito 1\/2 siglo<\/h1>\n<p>[\/et_pb_text][et_pb_divider _builder_version=\u00bb3.26.7&#8243; width=\u00bb30%\u00bb width_tablet=\u00bb50%\u00bb width_phone=\u00bb70%\u00bb width_last_edited=\u00bbon|phone\u00bb custom_margin=\u00bb||0px||false|false\u00bb custom_padding=\u00bb||||false|false\u00bb animation_style=\u00bbzoom\u00bb][\/et_pb_divider][et_pb_text _builder_version=\u00bb3.26.7&#8243; text_text_align=\u00bbjustify\u00bb text_line_height=\u00bb1.8em\u00bb text_orientation=\u00bbjustify\u00bb module_alignment=\u00bbcenter\u00bb animation_style=\u00bbfade\u00bb text_font_size_tablet=\u00bb16px\u00bb text_font_size_phone=\u00bb16px\u00bb text_font_size_last_edited=\u00bbon|desktop\u00bb locked=\u00bboff\u00bb]<\/p>\n<p style=\"font-weight: 400;\">Con uno de 2.5 tns. para mover ca\u00f1eras, pallets de loza y otros materiales.<\/p>\n<p>[\/et_pb_text][\/et_pb_column][\/et_pb_row][\/et_pb_section][et_pb_section fb_built=\u00bb1&#8243; _builder_version=\u00bb3.27.3&#8243;][et_pb_row _builder_version=\u00bb3.26.7&#8243; custom_padding=\u00bb||||false|false\u00bb][et_pb_column type=\u00bb4_4&#8243; _builder_version=\u00bb3.26.7&#8243;][et_pb_divider _builder_version=\u00bb3.26.7&#8243; animation_style=\u00bbzoom\u00bb][\/et_pb_divider][et_pb_video src=\u00bbhttps:\/\/www.youtube.com\/watch?v=2TU0ybHr__w\u00bb _builder_version=\u00bb3.26.7&#8243;][\/et_pb_video][et_pb_image src=\u00bbhttps:\/\/codimat.com.ar\/destacados2020\/wp-content\/uploads\/2021\/02\/Ferrum.jpg\u00bb _builder_version=\u00bb3.26.7&#8243; animation_style=\u00bbfold\u00bb][\/et_pb_image][\/et_pb_column][\/et_pb_row][et_pb_row _builder_version=\u00bb3.26.7&#8243; custom_padding=\u00bb||||false|false\u00bb animation_style=\u00bbfold\u00bb][et_pb_column type=\u00bb4_4&#8243; _builder_version=\u00bb3.26.7&#8243;][et_pb_button button_url=\u00bb@ET-DC@eyJkeW5hbWljIjp0cnVlLCJjb250ZW50IjoicG9zdF9saW5rX3VybF9wYWdlIiwic2V0dGluZ3MiOnsicG9zdF9pZCI6IjE3In19@\u00bb button_text=\u00bbVolver al Sumario\u00bb button_alignment=\u00bbcenter\u00bb _builder_version=\u00bb3.26.7&#8243; _dynamic_attributes=\u00bbbutton_url\u00bb][\/et_pb_button][\/et_pb_column][\/et_pb_row][\/et_pb_section]<\/p>\n","protected":false},"excerpt":{"rendered":"<p>[et_pb_section fb_built=\u00bb1&#8243; custom_padding_last_edited=\u00bbon|desktop\u00bb admin_label=\u00bbRelated Articles\u00bb _builder_version=\u00bb3.26.7&#8243; background_color=\u00bb#2d2d2d\u00bb custom_padding=\u00bb||||false|false\u00bb custom_padding_tablet=\u00bb||2%||false|false\u00bb locked=\u00bboff\u00bb][et_pb_row _builder_version=\u00bb3.27.3&#8243;][et_pb_column type=\u00bb4_4&#8243; _builder_version=\u00bb3.27.3&#8243;][et_pb_text _builder_version=\u00bb3.26.7&#8243; header_2_font=\u00bbMontserrat|700||on|||||\u00bb header_2_font_size=\u00bb40px\u00bb header_2_line_height=\u00bb1.2em\u00bb background_layout=\u00bbdark\u00bb width=\u00bb80%\u00bb module_alignment=\u00bbleft\u00bb animation_style=\u00bbflip\u00bb header_2_font_size_tablet=\u00bb30px\u00bb header_2_font_size_phone=\u00bb25px\u00bb header_2_font_size_last_edited=\u00bbon|desktop\u00bb locked=\u00bboff\u00bb] Invertimos en equipamiento, siempre\u00a0 buscando eficiencia y el mejor servicio [\/et_pb_text][et_pb_divider divider_weight=\u00bb3px\u00bb _builder_version=\u00bb3.26.7&#8243; width=\u00bb30%\u00bb animation_style=\u00bbslide\u00bb animation_direction=\u00bbright\u00bb][\/et_pb_divider][\/et_pb_column][\/et_pb_row][\/et_pb_section][et_pb_section fb_built=\u00bb1&#8243; _builder_version=\u00bb3.26.7&#8243; custom_padding=\u00bb||||false|false\u00bb][et_pb_row _builder_version=\u00bb3.26.7&#8243;][et_pb_column type=\u00bb4_4&#8243; _builder_version=\u00bb3.26.7&#8243;][et_pb_slider _builder_version=\u00bb3.26.7&#8243; height=\u00bb600px\u00bb height_tablet=\u00bb350px\u00bb height_phone=\u00bb250px\u00bb height_last_edited=\u00bbon|phone\u00bb animation_style=\u00bbfold\u00bb auto=\u00bbon\u00bb auto_speed=\u00bb3500&#8243;][et_pb_slide [&hellip;]<\/p>\n","protected":false},"author":2,"featured_media":0,"parent":0,"menu_order":0,"comment_status":"closed","ping_status":"closed","template":"","meta":{"_et_pb_use_builder":"on","_et_pb_old_content":""},"_links":{"self":[{"href":"https:\/\/codimat.com.ar\/destacados2020\/wp-json\/wp\/v2\/pages\/448"}],"collection":[{"href":"https:\/\/codimat.com.ar\/destacados2020\/wp-json\/wp\/v2\/pages"}],"about":[{"href":"https:\/\/codimat.com.ar\/destacados2020\/wp-json\/wp\/v2\/types\/page"}],"author":[{"embeddable":true,"href":"https:\/\/codimat.com.ar\/destacados2020\/wp-json\/wp\/v2\/users\/2"}],"replies":[{"embeddable":true,"href":"https:\/\/codimat.com.ar\/destacados2020\/wp-json\/wp\/v2\/comments?post=448"}],"version-history":[{"count":13,"href":"https:\/\/codimat.com.ar\/destacados2020\/wp-json\/wp\/v2\/pages\/448\/revisions"}],"predecessor-version":[{"id":687,"href":"https:\/\/codimat.com.ar\/destacados2020\/wp-json\/wp\/v2\/pages\/448\/revisions\/687"}],"wp:attachment":[{"href":"https:\/\/codimat.com.ar\/destacados2020\/wp-json\/wp\/v2\/media?parent=448"}],"curies":[{"name":"wp","href":"https:\/\/api.w.org\/{rel}","templated":true}]}}