{"id":217,"date":"2021-02-09T11:10:56","date_gmt":"2021-02-09T14:10:56","guid":{"rendered":"https:\/\/codimat.com.ar\/destacados2021\/?page_id=217"},"modified":"2021-03-04T11:22:36","modified_gmt":"2021-03-04T14:22:36","slug":"escudo-termico-atacama","status":"publish","type":"page","link":"https:\/\/codimat.com.ar\/destacados2021\/escudo-termico-atacama\/","title":{"rendered":"Escudo T\u00e9rmico ATACAMA"},"content":{"rendered":"<p>[et_pb_section fb_built=\u00bb1&#8243; custom_padding_last_edited=\u00bbon|desktop\u00bb admin_label=\u00bbRelated Articles\u00bb _builder_version=\u00bb3.26.7&#8243; background_color=\u00bb#2d2d2d\u00bb custom_padding=\u00bb||||false|false\u00bb custom_padding_tablet=\u00bb||2%||false|false\u00bb locked=\u00bboff\u00bb][et_pb_row _builder_version=\u00bb3.26.7&#8243; custom_margin=\u00bb||||false|false\u00bb custom_padding=\u00bb||0px||false|false\u00bb][et_pb_column type=\u00bb4_4&#8243; _builder_version=\u00bb3.27.3&#8243;][et_pb_text _builder_version=\u00bb3.26.7&#8243; header_text_align=\u00bbright\u00bb header_text_color=\u00bb#e02b20&#8243; border_width_right=\u00bb3px\u00bb border_color_right=\u00bb#e02b20&#8243; custom_padding=\u00bb7px|2%|||false|false\u00bb custom_padding_tablet=\u00bb|3%|||false|false\u00bb custom_padding_phone=\u00bb|5%|||false|false\u00bb custom_padding_last_edited=\u00bbon|phone\u00bb animation_style=\u00bbfold\u00bb header_font_size_tablet=\u00bb25px\u00bb header_font_size_phone=\u00bb20px\u00bb header_font_size_last_edited=\u00bbon|phone\u00bb]<\/p>\n<h1>NOTA T\u00c9CNICA<\/h1>\n<p>[\/et_pb_text][\/et_pb_column][\/et_pb_row][et_pb_row _builder_version=\u00bb3.27.3&#8243;][et_pb_column type=\u00bb4_4&#8243; _builder_version=\u00bb3.27.3&#8243;][et_pb_text _builder_version=\u00bb3.26.7&#8243; text_font=\u00bbMontserrat|||on|||||\u00bb text_font_size=\u00bb25px\u00bb text_line_height=\u00bb1.4em\u00bb header_2_font=\u00bbMontserrat|700||on|||||\u00bb header_2_font_size=\u00bb50px\u00bb header_2_line_height=\u00bb1.4em\u00bb background_layout=\u00bbdark\u00bb width=\u00bb80%\u00bb width_tablet=\u00bb90%\u00bb width_last_edited=\u00bbon|desktop\u00bb animation_style=\u00bbfold\u00bb text_font_size_tablet=\u00bb16px\u00bb text_font_size_phone=\u00bb16px\u00bb text_font_size_last_edited=\u00bbon|desktop\u00bb header_2_font_size_tablet=\u00bb35px\u00bb header_2_font_size_phone=\u00bb30px\u00bb header_2_font_size_last_edited=\u00bbon|desktop\u00bb locked=\u00bboff\u00bb]<\/p>\n<h2>Lleg\u00f3 Atacama<\/h2>\n<p>La soluci\u00f3n inteligente en aislantes de f\u00e1cil aplicaci\u00f3n que disminuye la temperatura de tu casa<\/p>\n<p>[\/et_pb_text][et_pb_divider divider_weight=\u00bb3px\u00bb _builder_version=\u00bb3.26.7&#8243; width=\u00bb30%\u00bb animation_style=\u00bbslide\u00bb animation_direction=\u00bbright\u00bb][\/et_pb_divider][\/et_pb_column][\/et_pb_row][\/et_pb_section][et_pb_section fb_built=\u00bb1&#8243; _builder_version=\u00bb3.26.7&#8243; background_color=\u00bb#f4f4f4&#8243; custom_padding=\u00bb||||false|false\u00bb][et_pb_row column_structure=\u00bb1_3,2_3&#8243; _builder_version=\u00bb3.26.7&#8243;][et_pb_column type=\u00bb1_3&#8243; _builder_version=\u00bb3.26.7&#8243;][et_pb_image src=\u00bbhttps:\/\/codimat.com.ar\/destacados2021\/wp-content\/uploads\/2021\/02\/Atacama-Logo-.png\u00bb align=\u00bbcenter\u00bb align_last_edited=\u00bbon|desktop\u00bb _builder_version=\u00bb3.26.7&#8243; custom_padding=\u00bb10%||||false|false\u00bb custom_padding_tablet=\u00bb0%||||false|false\u00bb custom_padding_last_edited=\u00bbon|desktop\u00bb animation_style=\u00bbfold\u00bb][\/et_pb_image][\/et_pb_column][et_pb_column type=\u00bb2_3&#8243; _builder_version=\u00bb3.26.7&#8243;][et_pb_text _builder_version=\u00bb3.26.7&#8243; text_text_align=\u00bbjustify\u00bb text_line_height=\u00bb1.8em\u00bb text_orientation=\u00bbjustify\u00bb module_alignment=\u00bbcenter\u00bb custom_padding=\u00bb||||false|false\u00bb animation_style=\u00bbfade\u00bb text_font_size_tablet=\u00bb16px\u00bb text_font_size_last_edited=\u00bbon|phone\u00bb locked=\u00bboff\u00bb]<\/p>\n<p>Se lanz\u00f3 a la venta un producto \u00fanico en el mercado. <strong>El escudo t\u00e9rmico ATACAMA<\/strong>, un recubrimiento aislante l\u00edquido con nano tecnolog\u00eda de \u00faltima generaci\u00f3n, cuya principal propiedad es la capacidad de refractar el calor solar. De esta forma, las temperaturas en el interior de las viviendas logran disminuir entre 6 y 8\u00ba en relaci\u00f3n a la temperatura ambiente.<\/p>\n<p>[\/et_pb_text][et_pb_text _builder_version=\u00bb3.26.7&#8243; text_text_align=\u00bbjustify\u00bb text_line_height=\u00bb1.8em\u00bb text_orientation=\u00bbjustify\u00bb module_alignment=\u00bbcenter\u00bb animation_style=\u00bbfade\u00bb text_font_size_tablet=\u00bb16px\u00bb text_font_size_last_edited=\u00bbon|phone\u00bb locked=\u00bboff\u00bb]<\/p>\n<p>Desarrollado por dos firmas locales de gran trayectoria como <strong>Isolant y Venezia<\/strong>, este producto de industria nacional de base acuosa viene listo para utilizar en la presentaci\u00f3n de balde y de repuesto de cart\u00f3n f\u00e1cilmente reciclable. Orientado a mejorar el confort t\u00e9rmico de viviendas y obras en general durante las estaciones de m\u00e1s calor del a\u00f1o, puede aplicarse sobre chapa, losa, baldosas, hormig\u00f3n, impermeabilizantes y membranas asf\u00e1lticas, entre otros, y sus componentes permiten una \u00f3ptima transferencia y m\u00e1xima facilidad de aplicaci\u00f3n con pistola air-less, rodillo o pinceleta.\u00a0<\/p>\n<p>[\/et_pb_text][\/et_pb_column][\/et_pb_row][\/et_pb_section][et_pb_section fb_built=\u00bb1&#8243; _builder_version=\u00bb3.27.3&#8243;][et_pb_row _builder_version=\u00bb3.26.7&#8243;][et_pb_column type=\u00bb4_4&#8243; _builder_version=\u00bb3.26.7&#8243;][et_pb_image src=\u00bbhttps:\/\/codimat.com.ar\/destacados2021\/wp-content\/uploads\/2021\/02\/Flechas.png\u00bb _builder_version=\u00bb3.26.7&#8243; width=\u00bb100px\u00bb width_tablet=\u00bb50px\u00bb width_last_edited=\u00bbon|phone\u00bb custom_margin=\u00bb||||false|false\u00bb animation_style=\u00bbfold\u00bb][\/et_pb_image][et_pb_text _builder_version=\u00bb3.26.7&#8243; text_font=\u00bbCardo||||||||\u00bb text_text_color=\u00bb#e02b20&#8243; text_font_size=\u00bb42px\u00bb text_line_height=\u00bb1.4em\u00bb animation_style=\u00bbfade\u00bb text_font_size_tablet=\u00bb36px\u00bb text_font_size_phone=\u00bb24px\u00bb text_font_size_last_edited=\u00bbon|desktop\u00bb]<\/p>\n<p>Su f\u00e1cil aplicaci\u00f3n lo vuelve un producto ideal para utilizarlo sin necesidad de ayuda profesional.<\/p>\n<p>[\/et_pb_text][\/et_pb_column][\/et_pb_row][et_pb_row _builder_version=\u00bb3.26.7&#8243; animation_style=\u00bbfade\u00bb][et_pb_column type=\u00bb4_4&#8243; _builder_version=\u00bb3.27.3&#8243;][et_pb_text quote_border_color=\u00bb#000000&#8243; _builder_version=\u00bb3.26.7&#8243; text_text_align=\u00bbjustify\u00bb text_font_size=\u00bb20px\u00bb text_line_height=\u00bb1.8em\u00bb quote_font=\u00bb|600|||||||\u00bb quote_text_color=\u00bb#000000&#8243; text_orientation=\u00bbjustify\u00bb module_alignment=\u00bbcenter\u00bb text_font_size_tablet=\u00bb18px\u00bb text_font_size_phone=\u00bb16px\u00bb text_font_size_last_edited=\u00bbon|desktop\u00bb locked=\u00bboff\u00bb]<\/p>\n<blockquote>\n<p>Entre otros beneficios, cuenta con protecci\u00f3n doble AA: antihongos + algas, y carece de adherencia superficial, lo que se traduce en mayor limpieza y durabilidad. Adem\u00e1s, es de f\u00e1cil mantenimiento y tiene un rendimiento de 1m2. por litro.<\/p>\n<p>&nbsp;<\/p>\n<p>La nano tecnolog\u00eda aplicada a este producto se basa en micro esferas polim\u00e9ricas que se expanden y aportan propiedades aislantes. Esto se combina con di\u00f3xido de titanio lo cual proporciona una alta reflectividad de las radiaciones infrarrojas. De esta manera se evita la absorci\u00f3n del calor solar. A estas propiedades se suman en su composici\u00f3n pigmentos, expendedores, aditivos poliuret\u00e1nicos Premium, elast\u00f3meros y tecnolog\u00eda UV curable.<\/p>\n<\/blockquote>\n<p>[\/et_pb_text][\/et_pb_column][\/et_pb_row][\/et_pb_section][et_pb_section fb_built=\u00bb1&#8243; _builder_version=\u00bb3.26.7&#8243; background_color=\u00bb#f4f4f4&#8243; custom_padding=\u00bb||||false|false\u00bb][et_pb_row _builder_version=\u00bb3.26.7&#8243;][et_pb_column type=\u00bb4_4&#8243; _builder_version=\u00bb3.26.7&#8243;][et_pb_text _builder_version=\u00bb3.26.7&#8243; text_text_align=\u00bbjustify\u00bb text_line_height=\u00bb1.8em\u00bb text_orientation=\u00bbjustify\u00bb module_alignment=\u00bbcenter\u00bb custom_padding=\u00bb||||false|false\u00bb animation_style=\u00bbfade\u00bb text_font_size_tablet=\u00bb16px\u00bb text_font_size_last_edited=\u00bbon|phone\u00bb locked=\u00bboff\u00bb]<\/p>\n<p>Adem\u00e1s, se trata de una tecnolog\u00eda eco amigable, ya que presenta un Bajo nivel de VOC (compuestos org\u00e1nicos vol\u00e1tiles), es libre de formaldeh\u00eddos, amon\u00edaco y de tensioactivos agresivos APOE, posee alta eficiencia en ahorro de energ\u00eda y aplica a las normas LEED, un sistema de certificaci\u00f3n de edificios sostenibles desarrollado por el Consejo de la Construcci\u00f3n Verde de Estados Unidos. \u00a0<\/p>\n<p>[\/et_pb_text][\/et_pb_column][\/et_pb_row][\/et_pb_section][et_pb_section fb_built=\u00bb1&#8243; _builder_version=\u00bb3.26.7&#8243; background_enable_color=\u00bboff\u00bb custom_margin=\u00bb||||false|false\u00bb custom_padding=\u00bb||0px||false|false\u00bb][et_pb_row _builder_version=\u00bb3.26.7&#8243;][et_pb_column type=\u00bb4_4&#8243; _builder_version=\u00bb3.26.7&#8243;][et_pb_image src=\u00bbhttps:\/\/codimat.com.ar\/destacados2021\/wp-content\/uploads\/2021\/02\/Isolant-Logo.png\u00bb align=\u00bbcenter\u00bb _builder_version=\u00bb3.26.7&#8243; height=\u00bb80px\u00bb custom_padding_tablet=\u00bb0%||5%||false|false\u00bb custom_padding_last_edited=\u00bbon|phone\u00bb animation_style=\u00bbflip\u00bb][\/et_pb_image][et_pb_text _builder_version=\u00bb3.26.7&#8243; text_text_align=\u00bbjustify\u00bb text_line_height=\u00bb1.8em\u00bb text_orientation=\u00bbjustify\u00bb module_alignment=\u00bbcenter\u00bb custom_padding=\u00bb3%||||false|false\u00bb animation_style=\u00bbfade\u00bb text_font_size_tablet=\u00bb16px\u00bb text_font_size_last_edited=\u00bbon|phone\u00bb locked=\u00bboff\u00bb]<\/p>\n<p><strong>Isolant<\/strong> <strong>aislantes<\/strong> es una empresa Argentina l\u00edder, dedicada a la fabricaci\u00f3n y comercializaci\u00f3n de aislantes t\u00e9rmicos reflectivos impermeables y barrera de vapor, formada por gente curiosa e innovadora, con fuertes lazos y valores. Se caracteriza por buscar ideas extraordinarias que transformen el presente. Se destacan por tener un fuerte asesoramiento personalizado pre y post venta.<\/p>\n<p>[\/et_pb_text][\/et_pb_column][\/et_pb_row][\/et_pb_section][et_pb_section fb_built=\u00bb1&#8243; _builder_version=\u00bb3.26.7&#8243; custom_padding=\u00bb0px||||false|false\u00bb][et_pb_row _builder_version=\u00bb3.26.7&#8243;][et_pb_column type=\u00bb4_4&#8243; _builder_version=\u00bb3.26.7&#8243;][et_pb_divider _builder_version=\u00bb3.26.7&#8243; animation_style=\u00bbzoom\u00bb][\/et_pb_divider][\/et_pb_column][\/et_pb_row][et_pb_row _builder_version=\u00bb3.26.7&#8243;][et_pb_column type=\u00bb4_4&#8243; _builder_version=\u00bb3.26.7&#8243;][et_pb_video src=\u00bbhttps:\/\/youtu.be\/zefa_Sh5-Z4&#8243; _builder_version=\u00bb3.26.7&#8243; animation_style=\u00bbfold\u00bb][\/et_pb_video][\/et_pb_column][\/et_pb_row][et_pb_row _builder_version=\u00bb3.26.7&#8243; custom_padding=\u00bb||||false|false\u00bb animation_style=\u00bbfold\u00bb][et_pb_column type=\u00bb4_4&#8243; _builder_version=\u00bb3.26.7&#8243;][et_pb_button button_url=\u00bb@ET-DC@eyJkeW5hbWljIjp0cnVlLCJjb250ZW50IjoicG9zdF9saW5rX3VybF9wYWdlIiwic2V0dGluZ3MiOnsicG9zdF9pZCI6IjE3In19@\u00bb button_text=\u00bbVolver al Sumario\u00bb button_alignment=\u00bbcenter\u00bb _builder_version=\u00bb3.26.7&#8243; _dynamic_attributes=\u00bbbutton_url\u00bb][\/et_pb_button][\/et_pb_column][\/et_pb_row][\/et_pb_section]<\/p>\n","protected":false},"excerpt":{"rendered":"<p>NOTA T\u00c9CNICALleg\u00f3 Atacama La soluci\u00f3n inteligente en aislantes de f\u00e1cil aplicaci\u00f3n que disminuye la temperatura de tu casaSe lanz\u00f3 a la venta un producto \u00fanico en el mercado. El escudo t\u00e9rmico ATACAMA, un recubrimiento aislante l\u00edquido con nano tecnolog\u00eda de \u00faltima generaci\u00f3n, cuya principal propiedad es la capacidad de refractar el calor solar. De esta [&hellip;]<\/p>\n","protected":false},"author":2,"featured_media":0,"parent":0,"menu_order":0,"comment_status":"closed","ping_status":"closed","template":"","meta":{"_et_pb_use_builder":"on","_et_pb_old_content":"","_et_gb_content_width":""},"_links":{"self":[{"href":"https:\/\/codimat.com.ar\/destacados2021\/wp-json\/wp\/v2\/pages\/217"}],"collection":[{"href":"https:\/\/codimat.com.ar\/destacados2021\/wp-json\/wp\/v2\/pages"}],"about":[{"href":"https:\/\/codimat.com.ar\/destacados2021\/wp-json\/wp\/v2\/types\/page"}],"author":[{"embeddable":true,"href":"https:\/\/codimat.com.ar\/destacados2021\/wp-json\/wp\/v2\/users\/2"}],"replies":[{"embeddable":true,"href":"https:\/\/codimat.com.ar\/destacados2021\/wp-json\/wp\/v2\/comments?post=217"}],"version-history":[{"count":17,"href":"https:\/\/codimat.com.ar\/destacados2021\/wp-json\/wp\/v2\/pages\/217\/revisions"}],"predecessor-version":[{"id":691,"href":"https:\/\/codimat.com.ar\/destacados2021\/wp-json\/wp\/v2\/pages\/217\/revisions\/691"}],"wp:attachment":[{"href":"https:\/\/codimat.com.ar\/destacados2021\/wp-json\/wp\/v2\/media?parent=217"}],"curies":[{"name":"wp","href":"https:\/\/api.w.org\/{rel}","templated":true}]}}