{"id":587,"date":"2021-02-25T10:47:33","date_gmt":"2021-02-25T13:47:33","guid":{"rendered":"https:\/\/codimat.com.ar\/destacados2021\/?page_id=587"},"modified":"2022-02-23T10:31:05","modified_gmt":"2022-02-23T13:31:05","slug":"lo-importante-es-el-camino","status":"publish","type":"page","link":"https:\/\/codimat.com.ar\/destacados2021\/lo-importante-es-el-camino\/","title":{"rendered":"Lo importante es el camino"},"content":{"rendered":"<p>[et_pb_section fb_built=\u00bb1&#8243; custom_padding_last_edited=\u00bbon|desktop\u00bb admin_label=\u00bbRelated Articles\u00bb _builder_version=\u00bb3.26.7&#8243; background_color=\u00bb#2d2d2d\u00bb custom_padding=\u00bb||||false|false\u00bb custom_padding_tablet=\u00bb||2%||false|false\u00bb custom_padding_phone=\u00bb\u00bb global_colors_info=\u00bb{}\u00bb][et_pb_row _builder_version=\u00bb3.27.3&#8243; global_colors_info=\u00bb{}\u00bb][et_pb_column type=\u00bb4_4&#8243; _builder_version=\u00bb3.27.3&#8243; global_colors_info=\u00bb{}\u00bb][et_pb_text _builder_version=\u00bb4.14.4&#8243; header_2_font=\u00bbMontserrat|700||on|||||\u00bb header_2_font_size=\u00bb40px\u00bb header_2_line_height=\u00bb1.2em\u00bb background_layout=\u00bbdark\u00bb max_width_tablet=\u00bb90%\u00bb max_width_phone=\u00bb90%\u00bb max_width_last_edited=\u00bboff|desktop\u00bb custom_margin=\u00bb||0px||false|false\u00bb custom_margin_tablet=\u00bb||0px||false|false\u00bb custom_margin_phone=\u00bb||0px||false|false\u00bb custom_margin_last_edited=\u00bbon|phone\u00bb animation_style=\u00bbflip\u00bb header_2_font_size_tablet=\u00bb30px\u00bb header_2_font_size_phone=\u00bb20px\u00bb header_2_font_size_last_edited=\u00bbon|desktop\u00bb locked=\u00bboff\u00bb global_colors_info=\u00bb{}\u00bb]<\/p>\n<h2>Lo importante es el camino<\/h2>\n<p>[\/et_pb_text][et_pb_text _builder_version=\u00bb4.14.4&#8243; header_2_font=\u00bbMontserrat|700||on|||||\u00bb header_2_text_color=\u00bb#E02B20&#8243; header_2_font_size=\u00bb25px\u00bb header_2_line_height=\u00bb1.2em\u00bb background_layout=\u00bbdark\u00bb max_width_tablet=\u00bb\u00bb max_width_phone=\u00bb\u00bb max_width_last_edited=\u00bbon|phone\u00bb animation_style=\u00bbflip\u00bb header_2_font_size_tablet=\u00bb20px\u00bb header_2_font_size_phone=\u00bb16px\u00bb header_2_font_size_last_edited=\u00bbon|phone\u00bb locked=\u00bboff\u00bb global_colors_info=\u00bb{}\u00bb]<\/p>\n<h2>Codimat inform\u00f3 sobre los avances en el objetivo Triple Impacto<\/h2>\n<p>[\/et_pb_text][et_pb_divider divider_weight=\u00bb3px\u00bb _builder_version=\u00bb3.26.7&#8243; width=\u00bb30%\u00bb animation_style=\u00bbslide\u00bb animation_direction=\u00bbright\u00bb global_colors_info=\u00bb{}\u00bb][\/et_pb_divider][\/et_pb_column][\/et_pb_row][\/et_pb_section][et_pb_section fb_built=\u00bb1&#8243; _builder_version=\u00bb3.26.7&#8243; background_color=\u00bb#f4f4f4&#8243; custom_padding=\u00bb2%||||false|false\u00bb global_colors_info=\u00bb{}\u00bb][et_pb_row _builder_version=\u00bb3.26.7&#8243; global_colors_info=\u00bb{}\u00bb][et_pb_column type=\u00bb4_4&#8243; _builder_version=\u00bb3.26.7&#8243; global_colors_info=\u00bb{}\u00bb][et_pb_text _builder_version=\u00bb4.14.4&#8243; text_font_size=\u00bb16px\u00bb text_line_height=\u00bb1.8em\u00bb text_orientation=\u00bbjustify\u00bb module_alignment=\u00bbcenter\u00bb animation_style=\u00bbfade\u00bb hover_enabled=\u00bb0&#8243; text_text_align=\u00bbjustify\u00bb locked=\u00bboff\u00bb global_colors_info=\u00bb{}\u00bb sticky_enabled=\u00bb0&#8243;]<\/p>\n<p>El d\u00eda 29 de octubre se realiz\u00f3 una reuni\u00f3n en nuestro auditorio con el prop\u00f3sito de informar a los socios y directores de la empresa acerca de la marcha de las gestiones para lograr la certificaci\u00f3n de Codimat como Empresa de Triple Impacto, Impacto + o Empresa B.<\/p>\n<p>En primer lugar, el vicepresidente Alberto Delmont, hizo una breve rese\u00f1a sobre Responsabilidad Social Empresarial; or\u00edgenes, aspectos de la misma, evoluci\u00f3n en el tiempo, sostenibilidad y sustentabilidad.<\/p>\n<p>A continuaci\u00f3n, Valeria Basile y Brenda Pignol, titulares de la Consultora Territoria, expusieron los avances logrados despu\u00e9s de ocho meses, en los objetivos que Codimat se ha fijado como Empresa de Triple Impacto, Impacto +, o Empresa B.<\/p>\n<p>[\/et_pb_text][et_pb_text _builder_version=\u00bb4.14.4&#8243; text_text_color=\u00bb#000000&#8243; text_line_height=\u00bb1.8em\u00bb text_orientation=\u00bbjustify\u00bb module_alignment=\u00bbcenter\u00bb custom_padding=\u00bb||||false|false\u00bb animation_style=\u00bbfade\u00bb text_font_size_tablet=\u00bb16px\u00bb text_font_size_phone=\u00bb\u00bb text_font_size_last_edited=\u00bbon|phone\u00bb text_text_align=\u00bbjustify\u00bb locked=\u00bboff\u00bb global_colors_info=\u00bb{}\u00bb]<\/p>\n<blockquote>\n<p>Estos meses incluyeron una radiograf\u00eda, estudio, evaluaci\u00f3n, y registro hasta esa fecha, del comportamiento en el campo de los entornos sociales, econ\u00f3micos y medioambientales, fundamentales y necesarios para continuar en el camino de lograr convertirnos a este modelo de negocios y obtener esa certificaci\u00f3n.<\/p>\n<\/blockquote>\n<p>[\/et_pb_text][et_pb_text _builder_version=\u00bb4.14.4&#8243; text_font_size=\u00bb16px\u00bb text_line_height=\u00bb1.8em\u00bb text_orientation=\u00bbjustify\u00bb module_alignment=\u00bbcenter\u00bb animation_style=\u00bbfade\u00bb text_text_align=\u00bbjustify\u00bb locked=\u00bboff\u00bb global_colors_info=\u00bb{}\u00bb]<\/p>\n<p>Destacamos que los asistentes se sintieron sumamente permeables y dispuestos a colaborar en el camino elegido.<\/p>\n<p>[\/et_pb_text][\/et_pb_column][\/et_pb_row][\/et_pb_section][et_pb_section fb_built=\u00bb1&#8243; _builder_version=\u00bb4.14.4&#8243; custom_padding=\u00bb||||false|false\u00bb global_colors_info=\u00bb{}\u00bb][et_pb_row _builder_version=\u00bb4.14.4&#8243; custom_padding=\u00bb0px||||false|false\u00bb global_colors_info=\u00bb{}\u00bb][et_pb_column type=\u00bb4_4&#8243; _builder_version=\u00bb3.26.7&#8243; global_colors_info=\u00bb{}\u00bb][et_pb_image src=\u00bbhttps:\/\/codimat.com.ar\/destacados2021\/wp-content\/uploads\/2021\/02\/Flechas.png\u00bb _builder_version=\u00bb4.14.4&#8243; width=\u00bb100px\u00bb width_tablet=\u00bb50px\u00bb width_phone=\u00bb30px\u00bb width_last_edited=\u00bbon|phone\u00bb custom_margin=\u00bb||||false|false\u00bb animation_style=\u00bbfold\u00bb global_colors_info=\u00bb{}\u00bb][\/et_pb_image][et_pb_text _builder_version=\u00bb4.14.4&#8243; text_font=\u00bbCardo||||||||\u00bb text_text_color=\u00bb#e02b20&#8243; text_font_size=\u00bb30px\u00bb text_line_height=\u00bb1.4em\u00bb animation_style=\u00bbfade\u00bb text_font_size_tablet=\u00bb25px\u00bb text_font_size_phone=\u00bb23px\u00bb text_font_size_last_edited=\u00bbon|phone\u00bb global_colors_info=\u00bb{}\u00bb]<\/p>\n<p>Al margen que todo nuestro esfuerzo como organizaci\u00f3n para lograr la Certificaci\u00f3n, lo importante es el camino emprendido, que seguramente nos har\u00e1 crecer a\u00fan m\u00e1s en lo referido al negocio, a lo social y lo ambiental.<\/p>\n<p>[\/et_pb_text][et_pb_text _builder_version=\u00bb4.14.4&#8243; text_font_size=\u00bb16px\u00bb text_line_height=\u00bb1.8em\u00bb text_orientation=\u00bbjustify\u00bb module_alignment=\u00bbcenter\u00bb animation_style=\u00bbfade\u00bb text_text_align=\u00bbjustify\u00bb locked=\u00bboff\u00bb global_colors_info=\u00bb{}\u00bb]<\/p>\n<p>Unas semanas m\u00e1s adelante, se convoc\u00f3 a un grupo de colaboradores para interiorizarlos sobre estos mismos aspectos, logrando de parte de estos una gran predisposici\u00f3n para sumarse a este proyecto.<\/p>\n<p>En esta reuni\u00f3n, <strong>Alberto Delmont<\/strong> expuso los avances que la empresa ha realizado en este sentido, dando paso luego al Gerente de Ventas, <strong>H\u00e9ctor Pil\u00f3n<\/strong> quien se explay\u00f3 sobre e-commerce y las nuevas formas de desarrollar y brindar, en nuestra plataforma,\u00a0 los mejores servicios de acceso e informaci\u00f3n para nuestros clientes.<\/p>\n<p>Para finalizar, el director <strong>Marcelo Marinsalta<\/strong>, centr\u00f3 su alocuci\u00f3n sobre el rol fundamental de nuestros colaboradores, dejando en el personal\u00a0 pensamientos y\u00a0\u00a0 reflexiones m\u00e1s que interesantes y suficientes, que\u00a0 lograron despertar\u00a0 el inter\u00e9s y la motivaci\u00f3n de los mismos.\u00a0\u00a0\u00a0 \u00a0<\/p>\n<p>[\/et_pb_text][\/et_pb_column][\/et_pb_row][et_pb_row _builder_version=\u00bb4.14.4&#8243; _module_preset=\u00bbdefault\u00bb global_colors_info=\u00bb{}\u00bb][et_pb_column type=\u00bb4_4&#8243; _builder_version=\u00bb4.14.4&#8243; _module_preset=\u00bbdefault\u00bb global_colors_info=\u00bb{}\u00bb][et_pb_video src=\u00bbhttps:\/\/youtu.be\/5FhBAkppbII\u00bb _builder_version=\u00bb4.14.4&#8243; _module_preset=\u00bbdefault\u00bb animation_style=\u00bbfold\u00bb global_colors_info=\u00bb{}\u00bb][\/et_pb_video][\/et_pb_column][\/et_pb_row][et_pb_row _builder_version=\u00bb3.26.7&#8243; global_colors_info=\u00bb{}\u00bb][et_pb_column type=\u00bb4_4&#8243; _builder_version=\u00bb3.26.7&#8243; global_colors_info=\u00bb{}\u00bb][et_pb_divider _builder_version=\u00bb3.26.7&#8243; animation_style=\u00bbzoom\u00bb global_colors_info=\u00bb{}\u00bb][\/et_pb_divider][et_pb_image src=\u00bbhttps:\/\/codimat.com.ar\/destacados2021\/wp-content\/uploads\/2021\/03\/Klaukol-Banner.jpg\u00bb title_text=\u00bbO_Aviso_Pastinas_2021-220x300mm copy\u00bb _builder_version=\u00bb4.14.4&#8243; _module_preset=\u00bbdefault\u00bb animation_style=\u00bbfold\u00bb global_colors_info=\u00bb{}\u00bb][\/et_pb_image][et_pb_video src=\u00bbhttps:\/\/www.youtube.com\/watch?v=vyLQ6z_29PU\u00bb _builder_version=\u00bb4.14.4&#8243; _module_preset=\u00bbdefault\u00bb global_colors_info=\u00bb{}\u00bb][\/et_pb_video][\/et_pb_column][\/et_pb_row][et_pb_row _builder_version=\u00bb3.26.7&#8243; custom_padding=\u00bb||||false|false\u00bb animation_style=\u00bbfold\u00bb global_colors_info=\u00bb{}\u00bb][et_pb_column type=\u00bb4_4&#8243; _builder_version=\u00bb3.26.7&#8243; global_colors_info=\u00bb{}\u00bb][et_pb_button button_url=\u00bb@ET-DC@eyJkeW5hbWljIjp0cnVlLCJjb250ZW50IjoicG9zdF9saW5rX3VybF9wYWdlIiwic2V0dGluZ3MiOnsicG9zdF9pZCI6IjE3In19@\u00bb button_text=\u00bbVolver al Sumario\u00bb button_alignment=\u00bbcenter\u00bb _builder_version=\u00bb3.26.7&#8243; _dynamic_attributes=\u00bbbutton_url\u00bb global_colors_info=\u00bb{}\u00bb][\/et_pb_button][\/et_pb_column][\/et_pb_row][\/et_pb_section]<\/p>\n","protected":false},"excerpt":{"rendered":"<p>Lo importante es el caminoCodimat inform\u00f3 sobre los avances en el objetivo Triple ImpactoEl d\u00eda 29 de octubre se realiz\u00f3 una reuni\u00f3n en nuestro auditorio con el prop\u00f3sito de informar a los socios y directores de la empresa acerca de la marcha de las gestiones para lograr la certificaci\u00f3n de Codimat como Empresa de Triple [&hellip;]<\/p>\n","protected":false},"author":2,"featured_media":0,"parent":0,"menu_order":0,"comment_status":"closed","ping_status":"closed","template":"","meta":{"_et_pb_use_builder":"on","_et_pb_old_content":"","_et_gb_content_width":""},"_links":{"self":[{"href":"https:\/\/codimat.com.ar\/destacados2021\/wp-json\/wp\/v2\/pages\/587"}],"collection":[{"href":"https:\/\/codimat.com.ar\/destacados2021\/wp-json\/wp\/v2\/pages"}],"about":[{"href":"https:\/\/codimat.com.ar\/destacados2021\/wp-json\/wp\/v2\/types\/page"}],"author":[{"embeddable":true,"href":"https:\/\/codimat.com.ar\/destacados2021\/wp-json\/wp\/v2\/users\/2"}],"replies":[{"embeddable":true,"href":"https:\/\/codimat.com.ar\/destacados2021\/wp-json\/wp\/v2\/comments?post=587"}],"version-history":[{"count":15,"href":"https:\/\/codimat.com.ar\/destacados2021\/wp-json\/wp\/v2\/pages\/587\/revisions"}],"predecessor-version":[{"id":1419,"href":"https:\/\/codimat.com.ar\/destacados2021\/wp-json\/wp\/v2\/pages\/587\/revisions\/1419"}],"wp:attachment":[{"href":"https:\/\/codimat.com.ar\/destacados2021\/wp-json\/wp\/v2\/media?parent=587"}],"curies":[{"name":"wp","href":"https:\/\/api.w.org\/{rel}","templated":true}]}}